{"id":6525,"date":"2022-10-09T16:16:45","date_gmt":"2022-10-09T16:16:45","guid":{"rendered":"https:\/\/drivingquest.com\/cursos-para-adolescentes\/"},"modified":"2025-07-31T17:36:09","modified_gmt":"2025-07-31T17:36:09","slug":"cursos-para-adolescentes","status":"publish","type":"page","link":"https:\/\/drivingquest.com\/es\/cursos-para-adolescentes\/","title":{"rendered":"Cursos para adolescentes"},"content":{"rendered":"<div class=\"wpb-content-wrapper\"><p>[vc_section el_id=\u00bbcourses_header\u00bb css=\u00bb.vc_custom_1659692511706{background-image: url(https:\/\/drivingquest.com\/wp-content\/uploads\/2022\/08\/courses_header.png?id=324) !important;background-position: center !important;background-repeat: no-repeat !important;background-size: cover !important;}\u00bb][vc_row][vc_column][vc_empty_space height=\u00bb80px\u00bb el_class=\u00bbshow-for-large\u00bb][vc_empty_space height=\u00bb40px\u00bb el_class=\u00bbhide-for-large\u00bb][vc_row_inner][vc_column_inner][vc_column_text el_class=\u00bbtext-center\u00bb]<\/p>\n<h1 class=\"page-heading alt-primary\">Cursos de educaci\u00f3n vial para adolescentes<\/h1>\n<p>[\/vc_column_text][vc_empty_space height=\u00bb80px\u00bb el_class=\u00bbshow-for-large\u00bb][vc_empty_space height=\u00bb40px\u00bb el_class=\u00bbhide-for-large\u00bb][\/vc_column_inner][\/vc_row_inner][\/vc_column][\/vc_row][\/vc_section][vc_section el_id=\u00bbcourses-section_1&#8243;][vc_row][vc_column][vc_empty_space height=\u00bb100px\u00bb el_class=\u00bbshow-for-large\u00bb][vc_empty_space height=\u00bb40px\u00bb el_class=\u00bbhide-for-large\u00bb][vc_row_inner el_class=\u00bbrow no-padding-vc\u00bb][vc_column_inner][vc_column_text el_class=\u00bbtext-center\u00bb]<\/p>\n<h2 class=\"alt-primary bottom-buffer-1point5rem\">Seleccione su curso homologado por el Estado<\/h2>\n<p class=\"big\">Elija el curso que mejor se adapte a sus necesidades de formaci\u00f3n de conductores con una formaci\u00f3n en l\u00ednea c\u00f3moda y sencilla.<\/p>\n<p>[\/vc_column_text][vc_empty_space height=\u00bb100px\u00bb el_class=\u00bbshow-for-large\u00bb][vc_empty_space height=\u00bb40px\u00bb el_class=\u00bbhide-for-large\u00bb][\/vc_column_inner][\/vc_row_inner][\/vc_column][\/vc_row][\/vc_section][vc_section el_id=\u00bbcourses-section_3&#8243; css=\u00bb.vc_custom_1659699166195{border-top-width: 1px !important;border-bottom-width: 1px !important;border-top-color: #2aabe4 !important;border-top-style: solid !important;border-bottom-color: #2aabe4 !important;border-bottom-style: solid !important;}\u00bb el_class=\u00bbbg-gradient\u00bb][vc_row][vc_column][vc_row_inner el_class=\u00bbrow collapse expanded no-padding-vc no-padding-foundation content-width codesm-equalize-content\u00bb][vc_column_inner el_class=\u00bbcolumn-left columns large-6 small-12&#8243; width=\u00bb1\/2&#8243;][vc_column_text css=\u00bb\u00bb el_class=\u00bbtext-center\u00bb]<img loading=\"lazy\" decoding=\"async\" class=\"alignnone size-full wp-image-16632\" src=\"https:\/\/drivingquest.com\/wp-content\/uploads\/2025\/07\/courses-section_2-img.png\" alt=\"Two men stand beside a car on a DrivingQuest driving test course, preparing for the driving assessment.\" width=\"1076\" height=\"578\" srcset=\"https:\/\/drivingquest.com\/wp-content\/uploads\/2025\/07\/courses-section_2-img.png 1076w, https:\/\/drivingquest.com\/wp-content\/uploads\/2025\/07\/courses-section_2-img-300x161.png 300w, https:\/\/drivingquest.com\/wp-content\/uploads\/2025\/07\/courses-section_2-img-1024x550.png 1024w, https:\/\/drivingquest.com\/wp-content\/uploads\/2025\/07\/courses-section_2-img-768x413.png 768w, https:\/\/drivingquest.com\/wp-content\/uploads\/2025\/07\/courses-section_2-img-1013x544.png 1013w, https:\/\/drivingquest.com\/wp-content\/uploads\/2025\/07\/courses-section_2-img-690x371.png 690w, https:\/\/drivingquest.com\/wp-content\/uploads\/2025\/07\/courses-section_2-img-350x188.png 350w\" sizes=\"auto, (max-width: 1076px) 100vw, 1076px\" \/>[\/vc_column_text][\/vc_column_inner][vc_column_inner el_class=\u00bbcolumn-right columns large-6 small-12&#8243; width=\u00bb1\/2&#8243;][vc_column_text el_class=\u00bblarge-text-left column-right-content text-center\u00bb]<\/p>\n<div class=\"\" data-equalizer-watch=\"\">\n<div class=\"show-for-large\" style=\"height: 40px; display: block;\"><\/div>\n<div class=\"hide-for-large\" style=\"height: 45px; display: block;\"><\/div>\n<h2 class=\"alt-white bottom-buffer-1point5rem\">Educaci\u00f3n vial impartida por los padres<\/h2>\n<p class=\"big alt-white remove-br bottom-buffer-1point5rem\">Nuestro curso de Educaci\u00f3n del Conductor Impartido por los Padres gu\u00eda a su hijo adolescente a trav\u00e9s de todo el proceso de obtener su permiso de aprendizaje y su licencia de conducir. Este curso consta de 32 unidades aprobadas por el DPS y TDLR, y dos ex\u00e1menes escritos: 1 para recibir un permiso de aprendiz para que su adolescente pueda comenzar el entrenamiento detr\u00e1s del volante con usted, y 1 para calificarlos para tomar su examen de conducir. Al preparar a su hijo adolescente para obtener su permiso de aprendizaje despu\u00e9s de las primeras 6 horas, esta es LA forma m\u00e1s r\u00e1pida para que su hijo adolescente obtenga su licencia de conducir.<\/p>\n<div class=\"row\">\n<div class=\"columns large-6 small-12 bottom-buffer-1point5rem\"><a class=\"button primary uc\" href=\"https:\/\/drivingquest.com\/parent-taught-drivers-ed\/\">saber m\u00e1s<\/a><\/div>\n<div class=\"columns large-6 small-12\"><a class=\"button primary uc\" href=\"https:\/\/drivingquest.com\/parent-taught-drivers-ed\/\">M\u00e1s informaci\u00f3n<\/a><\/div>\n<\/div>\n<div class=\"show-for-large\" style=\"height: 40px; display: block;\"><\/div>\n<div class=\"hide-for-large\" style=\"height: 45px; display: block;\"><\/div>\n<\/div>\n<p>[\/vc_column_text][\/vc_column_inner][\/vc_row_inner][\/vc_column][\/vc_row][\/vc_section][vc_section][vc_row][vc_column][vc_row_inner][vc_column_inner][vc_empty_space height=\u00bb70px\u00bb el_class=\u00bbshow-for-large\u00bb][vc_empty_space height=\u00bb40px\u00bb el_class=\u00bbhide-for-large\u00bb][\/vc_column_inner][\/vc_row_inner][\/vc_column][\/vc_row][\/vc_section][vc_section el_id=\u00bbcourses-section_3&#8243; css=\u00bb.vc_custom_1659698860042{border-top-width: 1px !important;border-bottom-width: 1px !important;border-top-color: #2aabe4 !important;border-top-style: solid !important;border-bottom-color: #2aabe4 !important;border-bottom-style: solid !important;}\u00bb][vc_row][vc_column][vc_row_inner el_class=\u00bbrow collapse expanded no-padding-vc no-padding-foundation content-width codesm-equalize-content\u00bb][vc_column_inner el_class=\u00bbcolumns small-12 small-order-1 large-6 large-order-2 column-right\u00bb width=\u00bb1\/2&#8243;][vc_column_text css=\u00bb\u00bb el_class=\u00bbtext-center\u00bb]<img loading=\"lazy\" decoding=\"async\" class=\"alignnone size-full wp-image-16634\" src=\"https:\/\/drivingquest.com\/wp-content\/uploads\/2025\/07\/courses-section_3-img.png\" alt=\"A man and woman seated in a car, taking notes on a clipboard while participating in a DrivingQuest driving test.\" width=\"1128\" height=\"578\" srcset=\"https:\/\/drivingquest.com\/wp-content\/uploads\/2025\/07\/courses-section_3-img.png 1128w, https:\/\/drivingquest.com\/wp-content\/uploads\/2025\/07\/courses-section_3-img-300x154.png 300w, https:\/\/drivingquest.com\/wp-content\/uploads\/2025\/07\/courses-section_3-img-1024x525.png 1024w, https:\/\/drivingquest.com\/wp-content\/uploads\/2025\/07\/courses-section_3-img-768x394.png 768w, https:\/\/drivingquest.com\/wp-content\/uploads\/2025\/07\/courses-section_3-img-1062x544.png 1062w, https:\/\/drivingquest.com\/wp-content\/uploads\/2025\/07\/courses-section_3-img-690x354.png 690w, https:\/\/drivingquest.com\/wp-content\/uploads\/2025\/07\/courses-section_3-img-350x179.png 350w\" sizes=\"auto, (max-width: 1128px) 100vw, 1128px\" \/>[\/vc_column_text][\/vc_column_inner][vc_column_inner el_class=\u00bbcolumns small-order-2 large-6 large-order-1 column-left small-12&#8243; width=\u00bb1\/2&#8243;][vc_column_text el_class=\u00bbcolumn-left-content float-right-for-xlarge extra-xlarge-padding-left-for-xlarge extra-xlarge-padding-right-for-xlarge large-text-left text-center\u00bb]<\/p>\n<div class=\"\" data-equalizer-watch=\"\">\n<div class=\"show-for-large\" style=\"height: 40px; display: block;\"><\/div>\n<div class=\"hide-for-large\" style=\"height: 45px; display: block;\"><\/div>\n<h2 class=\"alt-primary bottom-buffer-1point5rem\">Educaci\u00f3n del conductor para adolescentes dirigida por un instructor<\/h2>\n<p class=\"big remove-br bottom-buffer-1point5rem\">Nuestro Texas Teen Drivers Ed curso le da a su hijo todo lo que necesitan tanto para obtener su permiso de aprendiz y programar su examen de conducir. El curso de 2 DPS y TDLR aprobado unidades incluyen un examen escrito que el estudiante puede tomar en una escuela de conducci\u00f3n de su permiso de aprendiz. A continuaci\u00f3n, pueden comenzar la formaci\u00f3n al volante mientras completan las 26 unidades restantes del curso. Una vez completado, el curso les proporciona un examen escrito del DPS que pueden presentar el d\u00eda de su examen de conducir. Al preparar a su hijo adolescente para obtener su permiso de aprendizaje despu\u00e9s de las primeras 6 horas, esta es LA forma m\u00e1s r\u00e1pida para que su hijo adolescente obtenga su licencia de conducir.<\/p>\n<div class=\"row\">\n<div class=\"columns large-6 small-12 bottom-buffer-1point5rem\"><a class=\"button primary uc\" href=\"https:\/\/drivingquest.com\/es\/educacion-vial-para-adolescentes\/\">saber m\u00e1s<\/a><\/div>\n<div class=\"columns large-6 small-12\"><a class=\"button primary uc\" href=\"https:\/\/drivingquest.com\/parent-taught-drivers-ed\/\">M\u00e1s informaci\u00f3n<\/a><\/div>\n<\/div>\n<div class=\"show-for-large\" style=\"height: 40px; display: block;\"><\/div>\n<div class=\"hide-for-large\" style=\"height: 45px; display: block;\"><\/div>\n<\/div>\n<p>[\/vc_column_text][\/vc_column_inner][\/vc_row_inner][\/vc_column][\/vc_row][\/vc_section][vc_section el_id=\u00bbcourses-section_5&#8243;][vc_row][vc_column][vc_empty_space height=\u00bb70px\u00bb el_class=\u00bbshow-for-large\u00bb][vc_empty_space height=\u00bb40px\u00bb el_class=\u00bbhide-for-large\u00bb][vc_row_inner el_class=\u00bbrow no-padding-vc\u00bb][vc_column_inner][vc_column_text]<\/p>\n<div class=\"trustpilot-widget\" data-locale=\"en-US\" data-template-id=\"53aa8912dec7e10d38f59f36\" data-businessunit-id=\"5ad8d4bffa3c14000158ace7\" data-style-height=\"140px\" data-style-width=\"100%\" data-theme=\"light\" data-stars=\"4,5\" data-review-languages=\"en\"><a href=\"https:\/\/www.trustpilot.com\/review\/drivingquest.com\" target=\"_blank\" rel=\"noopener\">Trustpilot<\/a><\/div>\n<p>[\/vc_column_text][\/vc_column_inner][\/vc_row_inner][vc_empty_space height=\u00bb70px\u00bb el_class=\u00bbshow-for-large\u00bb][vc_empty_space height=\u00bb40px\u00bb el_class=\u00bbhide-for-large\u00bb][\/vc_column][\/vc_row][\/vc_section]<\/p>\n<\/div>","protected":false},"excerpt":{"rendered":"<p>[vc_section el_id=\u00bbcourses_header\u00bb css=\u00bb.vc_custom_1659692511706{background-image: url(https:\/\/drivingquest.com\/wp-content\/uploads\/2022\/08\/courses_header.png?id=324) !important;background-position: center !important;background-repeat: no-repeat !important;background-size: cover !important;}\u00bb][vc_row][vc_column][vc_empty_space height=\u00bb80px\u00bb el_class=\u00bbshow-for-large\u00bb][vc_empty_space height=\u00bb40px\u00bb el_class=\u00bbhide-for-large\u00bb][vc_row_inner][vc_column_inner][vc_column_text el_class=\u00bbtext-center\u00bb] Cursos de educaci\u00f3n vial para adolescentes [\/vc_column_text][vc_empty_space height=\u00bb80px\u00bb el_class=\u00bbshow-for-large\u00bb][vc_empty_space height=\u00bb40px\u00bb el_class=\u00bbhide-for-large\u00bb][\/vc_column_inner][\/vc_row_inner][\/vc_column][\/vc_row][\/vc_section][vc_section el_id=\u00bbcourses-section_1&#8243;][vc_row][vc_column][vc_empty_space height=\u00bb100px\u00bb el_class=\u00bbshow-for-large\u00bb][vc_empty_space height=\u00bb40px\u00bb el_class=\u00bbhide-for-large\u00bb][vc_row_inner el_class=\u00bbrow no-padding-vc\u00bb][vc_column_inner][vc_column_text el_class=\u00bbtext-center\u00bb] Seleccione su curso homologado por el Estado Elija el curso que mejor se adapte a sus necesidades de formaci\u00f3n de<a class=\"excerpt-read-more\" href=\"https:\/\/drivingquest.com\/es\/cursos-para-adolescentes\/\" title=\"ReadCursos para adolescentes\">&#8230; Read more &raquo;<\/a><\/p>\n","protected":false},"author":1,"featured_media":0,"parent":0,"menu_order":0,"comment_status":"closed","ping_status":"closed","template":"template-visual-builder.php","meta":{"inline_featured_image":false,"_monsterinsights_skip_tracking":false,"_monsterinsights_sitenote_active":false,"_monsterinsights_sitenote_note":"","_monsterinsights_sitenote_category":0,"footnotes":""},"class_list":["post-6525","page","type-page","status-publish","hentry"],"yoast_head":"<!-- This site is optimized with the Yoast SEO plugin v23.9 - https:\/\/yoast.com\/wordpress\/plugins\/seo\/ -->\n<title>Cursos para adolescentes - DrivingQuest<\/title>\n<meta name=\"robots\" content=\"index, follow, max-snippet:-1, max-image-preview:large, max-video-preview:-1\" \/>\n<link rel=\"canonical\" href=\"https:\/\/drivingquest.com\/es\/cursos-para-adolescentes\/\" \/>\n<meta property=\"og:locale\" content=\"es_ES\" \/>\n<meta property=\"og:type\" content=\"article\" \/>\n<meta property=\"og:title\" content=\"Cursos para adolescentes - DrivingQuest\" \/>\n<meta property=\"og:description\" content=\"[vc_section el_id=\u00bbcourses_header\u00bb css=\u00bb.vc_custom_1659692511706{background-image: url(https:\/\/drivingquest.com\/wp-content\/uploads\/2022\/08\/courses_header.png?id=324) !important;background-position: center !important;background-repeat: no-repeat !important;background-size: cover !important;}\u00bb][vc_row][vc_column][vc_empty_space height=\u00bb80px\u00bb el_class=\u00bbshow-for-large\u00bb][vc_empty_space height=\u00bb40px\u00bb el_class=\u00bbhide-for-large\u00bb][vc_row_inner][vc_column_inner][vc_column_text el_class=\u00bbtext-center\u00bb] Cursos de educaci\u00f3n vial para adolescentes [\/vc_column_text][vc_empty_space height=\u00bb80px\u00bb el_class=\u00bbshow-for-large\u00bb][vc_empty_space height=\u00bb40px\u00bb el_class=\u00bbhide-for-large\u00bb][\/vc_column_inner][\/vc_row_inner][\/vc_column][\/vc_row][\/vc_section][vc_section el_id=\u00bbcourses-section_1&#8243;][vc_row][vc_column][vc_empty_space height=\u00bb100px\u00bb el_class=\u00bbshow-for-large\u00bb][vc_empty_space height=\u00bb40px\u00bb el_class=\u00bbhide-for-large\u00bb][vc_row_inner el_class=\u00bbrow no-padding-vc\u00bb][vc_column_inner][vc_column_text el_class=\u00bbtext-center\u00bb] Seleccione su curso homologado por el Estado Elija el curso que mejor se adapte a sus necesidades de formaci\u00f3n de... Read more &raquo;\" \/>\n<meta property=\"og:url\" content=\"https:\/\/drivingquest.com\/es\/cursos-para-adolescentes\/\" \/>\n<meta property=\"og:site_name\" content=\"DrivingQuest\" \/>\n<meta property=\"article:publisher\" content=\"https:\/\/www.facebook.com\/drivingquest\/\" \/>\n<meta property=\"article:modified_time\" content=\"2025-07-31T17:36:09+00:00\" \/>\n<meta property=\"og:image\" content=\"https:\/\/drivingquest.com\/wp-content\/uploads\/2025\/07\/courses-section_2-img.png\" \/>\n\t<meta property=\"og:image:width\" content=\"1076\" \/>\n\t<meta property=\"og:image:height\" content=\"578\" \/>\n\t<meta property=\"og:image:type\" content=\"image\/png\" \/>\n<meta name=\"twitter:card\" content=\"summary_large_image\" \/>\n<meta name=\"twitter:site\" content=\"@DrivingQuest_\" \/>\n<meta name=\"twitter:label1\" content=\"Tiempo de lectura\" \/>\n\t<meta name=\"twitter:data1\" content=\"3 minutos\" \/>\n<script type=\"application\/ld+json\" class=\"yoast-schema-graph\">{\"@context\":\"https:\/\/schema.org\",\"@graph\":[{\"@type\":\"WebPage\",\"@id\":\"https:\/\/drivingquest.com\/es\/cursos-para-adolescentes\/\",\"url\":\"https:\/\/drivingquest.com\/es\/cursos-para-adolescentes\/\",\"name\":\"Cursos para adolescentes - DrivingQuest\",\"isPartOf\":{\"@id\":\"https:\/\/drivingquest.com\/#website\"},\"primaryImageOfPage\":{\"@id\":\"https:\/\/drivingquest.com\/es\/cursos-para-adolescentes\/#primaryimage\"},\"image\":{\"@id\":\"https:\/\/drivingquest.com\/es\/cursos-para-adolescentes\/#primaryimage\"},\"thumbnailUrl\":\"https:\/\/drivingquest.com\/wp-content\/uploads\/2025\/07\/courses-section_2-img.png\",\"datePublished\":\"2022-10-09T16:16:45+00:00\",\"dateModified\":\"2025-07-31T17:36:09+00:00\",\"breadcrumb\":{\"@id\":\"https:\/\/drivingquest.com\/es\/cursos-para-adolescentes\/#breadcrumb\"},\"inLanguage\":\"es\",\"potentialAction\":[{\"@type\":\"ReadAction\",\"target\":[\"https:\/\/drivingquest.com\/es\/cursos-para-adolescentes\/\"]}]},{\"@type\":\"ImageObject\",\"inLanguage\":\"es\",\"@id\":\"https:\/\/drivingquest.com\/es\/cursos-para-adolescentes\/#primaryimage\",\"url\":\"https:\/\/drivingquest.com\/wp-content\/uploads\/2025\/07\/courses-section_2-img.png\",\"contentUrl\":\"https:\/\/drivingquest.com\/wp-content\/uploads\/2025\/07\/courses-section_2-img.png\"},{\"@type\":\"BreadcrumbList\",\"@id\":\"https:\/\/drivingquest.com\/es\/cursos-para-adolescentes\/#breadcrumb\",\"itemListElement\":[{\"@type\":\"ListItem\",\"position\":1,\"name\":\"Home\",\"item\":\"https:\/\/drivingquest.com\/es\/\"},{\"@type\":\"ListItem\",\"position\":2,\"name\":\"Cursos para adolescentes\"}]},{\"@type\":\"WebSite\",\"@id\":\"https:\/\/drivingquest.com\/#website\",\"url\":\"https:\/\/drivingquest.com\/\",\"name\":\"DrivingQuest\",\"description\":\"\",\"publisher\":{\"@id\":\"https:\/\/drivingquest.com\/#organization\"},\"potentialAction\":[{\"@type\":\"SearchAction\",\"target\":{\"@type\":\"EntryPoint\",\"urlTemplate\":\"https:\/\/drivingquest.com\/?s={search_term_string}\"},\"query-input\":{\"@type\":\"PropertyValueSpecification\",\"valueRequired\":true,\"valueName\":\"search_term_string\"}}],\"inLanguage\":\"es\"},{\"@type\":\"Organization\",\"@id\":\"https:\/\/drivingquest.com\/#organization\",\"name\":\"DrivingQuest\",\"url\":\"https:\/\/drivingquest.com\/\",\"logo\":{\"@type\":\"ImageObject\",\"inLanguage\":\"es\",\"@id\":\"https:\/\/drivingquest.com\/#\/schema\/logo\/image\/\",\"url\":\"https:\/\/drivingquest.com\/wp-content\/uploads\/2022\/07\/Driving_logo.svg\",\"contentUrl\":\"https:\/\/drivingquest.com\/wp-content\/uploads\/2022\/07\/Driving_logo.svg\",\"width\":327,\"height\":70,\"caption\":\"DrivingQuest\"},\"image\":{\"@id\":\"https:\/\/drivingquest.com\/#\/schema\/logo\/image\/\"},\"sameAs\":[\"https:\/\/www.facebook.com\/drivingquest\/\",\"https:\/\/x.com\/DrivingQuest_\",\"https:\/\/www.youtube.com\/channel\/UCeuj6sDtMMqSQLEhNQktSuw\",\"https:\/\/www.instagram.com\/driving_quest\/\",\"https:\/\/www.linkedin.com\/company\/drivingquest\/\"]}]}<\/script>\n<!-- \/ Yoast SEO plugin. -->","yoast_head_json":{"title":"Cursos para adolescentes - DrivingQuest","robots":{"index":"index","follow":"follow","max-snippet":"max-snippet:-1","max-image-preview":"max-image-preview:large","max-video-preview":"max-video-preview:-1"},"canonical":"https:\/\/drivingquest.com\/es\/cursos-para-adolescentes\/","og_locale":"es_ES","og_type":"article","og_title":"Cursos para adolescentes - DrivingQuest","og_description":"[vc_section el_id=\u00bbcourses_header\u00bb css=\u00bb.vc_custom_1659692511706{background-image: url(https:\/\/drivingquest.com\/wp-content\/uploads\/2022\/08\/courses_header.png?id=324) !important;background-position: center !important;background-repeat: no-repeat !important;background-size: cover !important;}\u00bb][vc_row][vc_column][vc_empty_space height=\u00bb80px\u00bb el_class=\u00bbshow-for-large\u00bb][vc_empty_space height=\u00bb40px\u00bb el_class=\u00bbhide-for-large\u00bb][vc_row_inner][vc_column_inner][vc_column_text el_class=\u00bbtext-center\u00bb] Cursos de educaci\u00f3n vial para adolescentes [\/vc_column_text][vc_empty_space height=\u00bb80px\u00bb el_class=\u00bbshow-for-large\u00bb][vc_empty_space height=\u00bb40px\u00bb el_class=\u00bbhide-for-large\u00bb][\/vc_column_inner][\/vc_row_inner][\/vc_column][\/vc_row][\/vc_section][vc_section el_id=\u00bbcourses-section_1&#8243;][vc_row][vc_column][vc_empty_space height=\u00bb100px\u00bb el_class=\u00bbshow-for-large\u00bb][vc_empty_space height=\u00bb40px\u00bb el_class=\u00bbhide-for-large\u00bb][vc_row_inner el_class=\u00bbrow no-padding-vc\u00bb][vc_column_inner][vc_column_text el_class=\u00bbtext-center\u00bb] Seleccione su curso homologado por el Estado Elija el curso que mejor se adapte a sus necesidades de formaci\u00f3n de... Read more &raquo;","og_url":"https:\/\/drivingquest.com\/es\/cursos-para-adolescentes\/","og_site_name":"DrivingQuest","article_publisher":"https:\/\/www.facebook.com\/drivingquest\/","article_modified_time":"2025-07-31T17:36:09+00:00","og_image":[{"width":1076,"height":578,"url":"https:\/\/drivingquest.com\/wp-content\/uploads\/2025\/07\/courses-section_2-img.png","type":"image\/png"}],"twitter_card":"summary_large_image","twitter_site":"@DrivingQuest_","twitter_misc":{"Tiempo de lectura":"3 minutos"},"schema":{"@context":"https:\/\/schema.org","@graph":[{"@type":"WebPage","@id":"https:\/\/drivingquest.com\/es\/cursos-para-adolescentes\/","url":"https:\/\/drivingquest.com\/es\/cursos-para-adolescentes\/","name":"Cursos para adolescentes - DrivingQuest","isPartOf":{"@id":"https:\/\/drivingquest.com\/#website"},"primaryImageOfPage":{"@id":"https:\/\/drivingquest.com\/es\/cursos-para-adolescentes\/#primaryimage"},"image":{"@id":"https:\/\/drivingquest.com\/es\/cursos-para-adolescentes\/#primaryimage"},"thumbnailUrl":"https:\/\/drivingquest.com\/wp-content\/uploads\/2025\/07\/courses-section_2-img.png","datePublished":"2022-10-09T16:16:45+00:00","dateModified":"2025-07-31T17:36:09+00:00","breadcrumb":{"@id":"https:\/\/drivingquest.com\/es\/cursos-para-adolescentes\/#breadcrumb"},"inLanguage":"es","potentialAction":[{"@type":"ReadAction","target":["https:\/\/drivingquest.com\/es\/cursos-para-adolescentes\/"]}]},{"@type":"ImageObject","inLanguage":"es","@id":"https:\/\/drivingquest.com\/es\/cursos-para-adolescentes\/#primaryimage","url":"https:\/\/drivingquest.com\/wp-content\/uploads\/2025\/07\/courses-section_2-img.png","contentUrl":"https:\/\/drivingquest.com\/wp-content\/uploads\/2025\/07\/courses-section_2-img.png"},{"@type":"BreadcrumbList","@id":"https:\/\/drivingquest.com\/es\/cursos-para-adolescentes\/#breadcrumb","itemListElement":[{"@type":"ListItem","position":1,"name":"Home","item":"https:\/\/drivingquest.com\/es\/"},{"@type":"ListItem","position":2,"name":"Cursos para adolescentes"}]},{"@type":"WebSite","@id":"https:\/\/drivingquest.com\/#website","url":"https:\/\/drivingquest.com\/","name":"DrivingQuest","description":"","publisher":{"@id":"https:\/\/drivingquest.com\/#organization"},"potentialAction":[{"@type":"SearchAction","target":{"@type":"EntryPoint","urlTemplate":"https:\/\/drivingquest.com\/?s={search_term_string}"},"query-input":{"@type":"PropertyValueSpecification","valueRequired":true,"valueName":"search_term_string"}}],"inLanguage":"es"},{"@type":"Organization","@id":"https:\/\/drivingquest.com\/#organization","name":"DrivingQuest","url":"https:\/\/drivingquest.com\/","logo":{"@type":"ImageObject","inLanguage":"es","@id":"https:\/\/drivingquest.com\/#\/schema\/logo\/image\/","url":"https:\/\/drivingquest.com\/wp-content\/uploads\/2022\/07\/Driving_logo.svg","contentUrl":"https:\/\/drivingquest.com\/wp-content\/uploads\/2022\/07\/Driving_logo.svg","width":327,"height":70,"caption":"DrivingQuest"},"image":{"@id":"https:\/\/drivingquest.com\/#\/schema\/logo\/image\/"},"sameAs":["https:\/\/www.facebook.com\/drivingquest\/","https:\/\/x.com\/DrivingQuest_","https:\/\/www.youtube.com\/channel\/UCeuj6sDtMMqSQLEhNQktSuw","https:\/\/www.instagram.com\/driving_quest\/","https:\/\/www.linkedin.com\/company\/drivingquest\/"]}]}},"_links":{"self":[{"href":"https:\/\/drivingquest.com\/es\/wp-json\/wp\/v2\/pages\/6525","targetHints":{"allow":["GET"]}}],"collection":[{"href":"https:\/\/drivingquest.com\/es\/wp-json\/wp\/v2\/pages"}],"about":[{"href":"https:\/\/drivingquest.com\/es\/wp-json\/wp\/v2\/types\/page"}],"author":[{"embeddable":true,"href":"https:\/\/drivingquest.com\/es\/wp-json\/wp\/v2\/users\/1"}],"replies":[{"embeddable":true,"href":"https:\/\/drivingquest.com\/es\/wp-json\/wp\/v2\/comments?post=6525"}],"version-history":[{"count":3,"href":"https:\/\/drivingquest.com\/es\/wp-json\/wp\/v2\/pages\/6525\/revisions"}],"predecessor-version":[{"id":16658,"href":"https:\/\/drivingquest.com\/es\/wp-json\/wp\/v2\/pages\/6525\/revisions\/16658"}],"wp:attachment":[{"href":"https:\/\/drivingquest.com\/es\/wp-json\/wp\/v2\/media?parent=6525"}],"curies":[{"name":"wp","href":"https:\/\/api.w.org\/{rel}","templated":true}]}}