{"id":6530,"date":"2022-10-17T18:33:19","date_gmt":"2022-10-17T18:33:19","guid":{"rendered":"https:\/\/drivingquest.com\/contrato-de-educacion-vial-para-adolescentes\/"},"modified":"2024-04-15T18:03:20","modified_gmt":"2024-04-15T18:03:20","slug":"contrato-de-educacion-vial-para-adolescentes","status":"publish","type":"page","link":"https:\/\/drivingquest.com\/es\/contrato-de-educacion-vial-para-adolescentes\/","title":{"rendered":"Contrato de educaci\u00f3n vial para adolescentes"},"content":{"rendered":"<div class=\"wpb-content-wrapper\"><p>[vc_section el_id=\u00bbpage_header\u00bb css=\u00bb.vc_custom_1661936630111{background-image: url(https:\/\/drivingquest.com\/wp-content\/uploads\/2022\/08\/courses_header.png?id=324) !important;background-position: center !important;background-repeat: no-repeat !important;background-size: cover !important;}\u00bb][vc_row][vc_column][vc_empty_space height=\u00bb80px\u00bb el_class=\u00bbshow-for-large\u00bb][vc_empty_space height=\u00bb45px\u00bb el_class=\u00bbhide-for-large\u00bb][vc_row_inner el_class=\u00bbrow no-padding-vc\u00bb][vc_column_inner][vc_column_text el_class=\u00bbtext-center\u00bb]<\/p>\n<h1 class=\"page-heading alt-primary\">Contrato de matr\u00edcula para adolescentes<\/h1>\n<p>[\/vc_column_text][\/vc_column_inner][\/vc_row_inner][vc_empty_space height=\u00bb80px\u00bb el_class=\u00bbshow-for-large\u00bb][vc_empty_space height=\u00bb45px\u00bb el_class=\u00bbhide-for-large\u00bb][\/vc_column][\/vc_row][\/vc_section][vc_section el_id=\u00bbprivacy-policy-section_1&#8243; el_class=\u00bbbackground-for-accordion-courses\u00bb][vc_row][vc_column][vc_row_inner el_class=\u00bbrow no-padding-vc\u00bb][vc_column_inner][vc_empty_space height=\u00bb90px\u00bb el_class=\u00bbshow-for-large\u00bb][vc_empty_space height=\u00bb45px\u00bb el_class=\u00bbhide-for-large\u00bb][vc_column_text]<\/p>\n<h1 class=\"alt-primary bottom-buffer-2point5rem\">Contrato de inscripci\u00f3n de estudiantes de DrivingQuest para adolescentes de 14 a 17 a\u00f1os<\/h1>\n<p class=\"big bottom-buffer-2point5rem\">La ley de Texas requiere que cualquier estudiante que se inscriba en un programa de educaci\u00f3n para conductores acepte y firme un contrato con nuestro curso en l\u00ednea. Por favor lea este contrato y reconozca que entiende y est\u00e1 de acuerdo con las condiciones de tomar un curso de educaci\u00f3n vial en Texas.<\/p>\n<h2 class=\"alt-primary bottom-buffer-1point5rem\">Detalles del curso<\/h2>\n<p>Te est\u00e1s matriculando en un curso online de Educaci\u00f3n para Conductores Adolescentes, que consta de 32 unidades en total. Cada unidad did\u00e1ctica equivale a 60 minutos de ense\u00f1anza en l\u00ednea. El ESTUDIANTE puede parar, salir y volver a entrar en el curso en cualquier momento y reanudar el curso. El ESTUDIANTE debe completar el curso dentro de los 180 d\u00edas siguientes a su inscripci\u00f3n. Si el estudiante no finaliza el curso en un plazo de 180 d\u00edas, deber\u00e1 abonar una tasa administrativa de 50 $. El ESTUDIANTE tiene acceso al curso 24 horas al d\u00eda, 7 d\u00edas a la semana. En caso de que el ESTUDIANTE tenga preguntas sobre el curso, tendr\u00e1 acceso a uno de nuestros instructores de lunes a viernes de 10 am a 7 pm. Este acceso puede verse afectado por circunstancias que DRIVINGQUEST no puede controlar, como malas conexiones a Internet, tormentas, desastres naturales, etc.<\/p>\n<h2 class=\"alt-primary bottom-buffer-1point5rem\">Requisitos de software y hardware<\/h2>\n<p class=\"bottom-buffer-2point5rem\">Para realizar nuestro curso recomendamos tener activados JavaScript y las cookies. Adobe Flash 12 o superior, v\u00eddeo HTML5; Navegadores de Internet como Safari, Internet Explorer, Google Chrome, Mozilla Firefox o cualquier otro navegador que ofrezca la misma funcionalidad. DRIVINGQUEST requiere el uso de un rat\u00f3n o l\u00e1piz \u00f3ptico y recomienda el uso de auriculares o altavoces. El ESTUDIANTE realizar\u00e1 el curso proporcionado por Driving Zone Driving School dba DRIVINGQUEST (TDLR School #C2603). La cuota para el curso de 32 horas de Educaci\u00f3n del Conductor Adolescente es de $ 175 y tal vez menos, en caso de cupones, descuentos, promociones, etc. Esta tasa debe abonarse antes de acceder a cualquier contenido del curso y antes de expedir cualquier certificado.<\/p>\n<h2 class=\"alt-primary bottom-buffer-1point5rem\">Pago<\/h2>\n<p class=\"bottom-buffer-1point5rem\">El ESTUDIANTE puede pagar el curso con tarjeta de cr\u00e9dito, cheque electr\u00f3nico o PayPal. Tan pronto como se verifique la transacci\u00f3n, el ESTUDIANTE proceder\u00e1 con las preguntas de validaci\u00f3n personal e iniciar\u00e1 el curso. EN ESTE MOMENTO NO SE ADMITEN CHEQUES NI GIROS POSTALES.<\/p>\n<h2 class=\"alt-primary bottom-buffer-1point5rem\">Transferencias<\/h2>\n<p class=\"bottom-buffer-2point5rem\"><i data-stringify-type=\"italic\">Las inscripciones adquiridas a partir del 21 de enero de 2022 no tendr\u00e1n que pagar cuota de transferencia. Los documentos de transferencia se enviar\u00e1n por correo electr\u00f3nico.  <\/i>Las cuentas adquiridas antes del 21 de enero de 2022 deber\u00e1n pagar una tasa de transferencia. El ESTUDIANTE se compromete a pagar por cualquier transferencia (s) acompa\u00f1ado a su programa. Nuestra tarifa est\u00e1ndar por transferencia es de 29,95 $. Las transferencias incluyen, entre otras:<\/p>\n<p class=\"bottom-buffer-2point5rem\">&#8211; Documentos enviados a la autoescuela de preferencia para completar la educaci\u00f3n vial.<br \/>\n&#8211; Del m\u00e9todo de la autoescuela al m\u00e9todo de los padres<br \/>\n&#8211; M\u00e9todo de ense\u00f1anza de padres a autoescuela<\/p>\n<h2 class=\"alt-primary bottom-buffer-1point5rem\">Calificaci\u00f3n\/progreso<\/h2>\n<p class=\"bottom-buffer-2point5rem\">El ESTUDIANTE se compromete a completar las 32 unidades que est\u00e1n alineadas con el Programa de Instrucci\u00f3n Organizada proporcionado por la Agencia de Educaci\u00f3n de Texas para recibir un certificado de finalizaci\u00f3n. El ALUMNO reconoce que debe obtener un 70% o m\u00e1s en cada unidad para pasar a la siguiente. Si el ALUMNO suspende una unidad, deber\u00e1 volver a empezar esa unidad desde el principio. El ESTUDIANTE reconoce que debe obtener una puntuaci\u00f3n igual o superior al 70% en el examen global final para recibir el certificado de aprovechamiento. Si el ALUMNO suspende el examen final tres veces, deber\u00e1 reiniciar el curso desde el principio. El alumno tendr\u00e1 que volver a pagar por suspender el examen final m\u00e1s de TRES (3) veces.<\/p>\n<h2 class=\"alt-primary bottom-buffer-2rem\">Validaci\u00f3n<\/h2>\n<p class=\"bottom-buffer-2point5rem\">Para verificar la identidad del alumno, DRIVINGQUEST podr\u00e1: Exigir al alumno que responda a preguntas de validaci\u00f3n personal de forma aleatoria a lo largo del curso. Estas preguntas y respuestas se presentar\u00e1n al ESTUDIANTE antes de comenzar el curso. El ESTUDIANTE y los PADRES reconocen que el nombre dado en la inscripci\u00f3n ser\u00e1 el nombre impreso en el certificado. NO SE PERMITEN ALIAS\/NICKNAMES. Los nombres legales de los estudiantes deben reflejar los impresos en su tarjeta de la seguridad social y\/o certificado de nacimiento. Cualquier tergiversaci\u00f3n del nombre y\/o identidad del estudiante dar\u00e1 lugar a la descalificaci\u00f3n del curso.<\/p>\n<h2 class=\"alt-primary bottom-buffer-1point5rem\">Pol\u00edtica de cancelaci\u00f3n<\/h2>\n<p class=\"bottom-buffer-2point5rem\">Se reembolsar\u00e1 \u00edntegramente a todo estudiante que cancele el contrato de inscripci\u00f3n antes de la medianoche del tercer d\u00eda, excluidos s\u00e1bados, domingos y d\u00edas festivos legales, despu\u00e9s de que el contrato de inscripci\u00f3n haya sido firmado por el futuro estudiante, a menos que el estudiante haya comenzado o completado el curso; y\/o recibido el certificado de finalizaci\u00f3n durante ese per\u00edodo. Si el curso se ha activado e iniciado, se cobrar\u00e1 una tasa no reembolsable de 26 $.<\/p>\n<h2 class=\"alt-primary bottom-buffer-1point5rem\">Pol\u00edtica de reembolso<\/h2>\n<p class=\"bottom-buffer-2point5rem\">&#8211; El c\u00e1lculo del reembolso se basar\u00e1 en la instrucci\u00f3n real recibida hasta la \u00faltima fecha de asistencia.<br \/>\n&#8211; Si la matr\u00edcula se cobra por adelantado y, una vez transcurrido el plazo de cancelaci\u00f3n de 72 horas, el alumno no ingresa en la escuela, cancela la matr\u00edcula o se da de baja, la escuela podr\u00e1 retener hasta 50 d\u00f3lares en concepto de gastos administrativos y, del resto, reembolsar\u00e1 la parte de la matr\u00edcula y las tasas de las clases presenciales y de las clases pr\u00e1cticas correspondiente a los servicios no recibidos previamente por el alumno.<br \/>\n&#8211; Se reembolsar\u00e1 el importe \u00edntegro de la matr\u00edcula y las tasas en cada uno de los casos siguientes: (a) cuando un inscrito no es aceptado por la escuela; (b) si la escuela interrumpe el curso de ense\u00f1anza en ese lugar; o (c) si la inscripci\u00f3n del alumno se obtuvo como resultado de cualquier tergiversaci\u00f3n en la publicidad, material promocional de la escuela, o tergiversaci\u00f3n por parte del propietario o representaci\u00f3n de la escuela.<br \/>\n&#8211; Los reembolsos se efectuar\u00e1n en un plazo de 30 d\u00edas a partir de la fecha efectiva de rescisi\u00f3n.<\/p>\n<h2 class=\"alt-primary bottom-buffer-1point5rem\">Pol\u00edtica de cambio de curso<\/h2>\n<p class=\"bottom-buffer-2point5rem\">En caso de que el estudiante necesite cambiar su curso actual por lo siguiente, pero no limitado a: cambio de idioma, y\/o cambio de tipo, de curso, el estudiante deber\u00e1 pagar una tasa de transferencia. El cambio de la(s) tasa(s) del curso se muestra e incluye en \u00abMi informaci\u00f3n\u00bb dentro del panel de control del estudiante.<\/p>\n<h2 class=\"alt-primary bottom-buffer-1point5rem\">Acuse de recibo<\/h2>\n<p class=\"bottom-buffer-1point5rem\">El ESTUDIANTE est\u00e1 de acuerdo en que \u00e9l\/ella ha sido provisto con la matr\u00edcula y cuotas de la escuela; pol\u00edtica de cancelaci\u00f3n y reembolso; y regulaciones de la escuela sobre reembolsos, pol\u00edtica de calificaciones, progreso, y reglas de operaci\u00f3n y conducta. El ESTUDIANTE se da cuenta que cualquier queja no resuelta por la escuela puede ser enviada a TDLR P O BOX 12157 AUSTIN TX 78711. Tel\u00e9fono: (800) 803-9202 o 512-463-6599. Este acuerdo constituye el contrato completo entre la escuela y el estudiante y ninguna garant\u00eda o promesa verbal no contenida en este documento obligar\u00e1 a la escuela o al estudiante. DRIVINGQUEST tiene prohibido emitir un DE-964 si el estudiante no ha cumplido todos los requisitos para la finalizaci\u00f3n del curso, y el estudiante no debe aceptar un DE-964 en tales circunstancias.<\/p>\n<h2 class=\"alt-primary bottom-buffer-1point5rem\">-Notificaci\u00f3n a los padres y tutores-<\/h2>\n<p class=\"bottom-buffer-1point5rem\">Como padre o tutor de un adolescente, tiene derecho a conocer los requisitos m\u00ednimos de un curso de educaci\u00f3n vial para adolescentes.<\/p>\n<p class=\"bottom-buffer-1point5rem\">&#8211; Se requieren treinta y dos (32) horas de instrucci\u00f3n presencial en l\u00ednea. Su adolescente debe asistir a las primeras seis (6) horas de instrucci\u00f3n en el aula en l\u00ednea antes de que un permiso de aprendiz sea emitido por el DPS. S\u00f3lo se permiten dos (2) horas de clase programada al d\u00eda.<br \/>\n&#8211; La fase de instrucci\u00f3n en el aula se completar\u00e1 dentro de los plazos establecidos en este contrato y se deber\u00e1 asistir a las 32 horas y completarlas con \u00e9xito. Si un estudiante no completa con \u00e9xito las 32 horas de clase, DrivingQuest est\u00e1 obligado a ponerse en contacto con DPS y cancelar el permiso de aprendiz.<br \/>\n&#8211; Se requieren siete (7) horas reloj de instrucci\u00f3n de conducci\u00f3n en autom\u00f3vil y siete (7) horas reloj adicionales de observaci\u00f3n en autom\u00f3vil. Se puede ofrecer un incremento de dos horas de instrucci\u00f3n al volante una vez durante la fase de instrucci\u00f3n al volante para cada alumno.<br \/>\n&#8211; Treinta (30) horas adicionales de instrucci\u00f3n detr\u00e1s del volante deben ser proporcionadas a los conductores j\u00f3venes y certificadas por un padre o tutor antes de que un adolescente pueda avanzar a la Fase 2 del programa de Licencia de Conducir Graduada de Texas.<\/p>\n<p>Si su hijo adolescente se transfiere a otra escuela o programa de formaci\u00f3n de conductores, los plazos pueden cambiar y los cr\u00e9ditos para el aula y \/ o en el coche de formaci\u00f3n pueden no ser transferibles a la nueva escuela de formaci\u00f3n de conductores.<br \/>\nTodo el curso de educaci\u00f3n vial debe completarse dentro de los plazos establecidos en este contrato. SI TIENE RAZONES PARA CREER QUE NO SE EST\u00c1N CUMPLIENDO ESTOS REQUISITOS M\u00cdNIMOS O TIENE UNA QUEJA, P\u00d3NGASE EN CONTACTO CON TDLR, Servicio de Atenci\u00f3n al Cliente 800-803-9202 o 512-463-6599. www.tdlr.texas.gov<\/p>\n<p>[\/vc_column_text][vc_empty_space height=\u00bb140px\u00bb el_class=\u00bbshow-for-large\u00bb][vc_empty_space height=\u00bb45px\u00bb el_class=\u00bbhide-for-large\u00bb][\/vc_column_inner][\/vc_row_inner][vc_empty_space height=\u00bb45px\u00bb el_class=\u00bbhide-for-large\u00bb][\/vc_column][\/vc_row][\/vc_section]<\/p>\n<\/div>","protected":false},"excerpt":{"rendered":"<p>[vc_section el_id=\u00bbpage_header\u00bb css=\u00bb.vc_custom_1661936630111{background-image: url(https:\/\/drivingquest.com\/wp-content\/uploads\/2022\/08\/courses_header.png?id=324) !important;background-position: center !important;background-repeat: no-repeat !important;background-size: cover !important;}\u00bb][vc_row][vc_column][vc_empty_space height=\u00bb80px\u00bb el_class=\u00bbshow-for-large\u00bb][vc_empty_space height=\u00bb45px\u00bb el_class=\u00bbhide-for-large\u00bb][vc_row_inner el_class=\u00bbrow no-padding-vc\u00bb][vc_column_inner][vc_column_text el_class=\u00bbtext-center\u00bb] Contrato de matr\u00edcula para adolescentes [\/vc_column_text][\/vc_column_inner][\/vc_row_inner][vc_empty_space height=\u00bb80px\u00bb el_class=\u00bbshow-for-large\u00bb][vc_empty_space height=\u00bb45px\u00bb el_class=\u00bbhide-for-large\u00bb][\/vc_column][\/vc_row][\/vc_section][vc_section el_id=\u00bbprivacy-policy-section_1&#8243; el_class=\u00bbbackground-for-accordion-courses\u00bb][vc_row][vc_column][vc_row_inner el_class=\u00bbrow no-padding-vc\u00bb][vc_column_inner][vc_empty_space height=\u00bb90px\u00bb el_class=\u00bbshow-for-large\u00bb][vc_empty_space height=\u00bb45px\u00bb el_class=\u00bbhide-for-large\u00bb][vc_column_text] Contrato de inscripci\u00f3n de estudiantes de DrivingQuest para adolescentes de 14 a 17 a\u00f1os La ley de Texas requiere<a class=\"excerpt-read-more\" href=\"https:\/\/drivingquest.com\/es\/contrato-de-educacion-vial-para-adolescentes\/\" title=\"ReadContrato de educaci\u00f3n vial para adolescentes\">&#8230; Read more &raquo;<\/a><\/p>\n","protected":false},"author":3,"featured_media":0,"parent":0,"menu_order":0,"comment_status":"closed","ping_status":"closed","template":"template-visual-builder.php","meta":{"inline_featured_image":false,"_monsterinsights_skip_tracking":false,"_monsterinsights_sitenote_active":false,"_monsterinsights_sitenote_note":"","_monsterinsights_sitenote_category":0,"footnotes":""},"class_list":["post-6530","page","type-page","status-publish","hentry"],"yoast_head":"<!-- This site is optimized with the Yoast SEO plugin v23.9 - https:\/\/yoast.com\/wordpress\/plugins\/seo\/ -->\n<title>Contrato de educaci\u00f3n vial para adolescentes - DrivingQuest<\/title>\n<meta name=\"robots\" content=\"index, follow, max-snippet:-1, max-image-preview:large, max-video-preview:-1\" \/>\n<link rel=\"canonical\" href=\"https:\/\/drivingquest.com\/es\/contrato-de-educacion-vial-para-adolescentes\/\" \/>\n<meta property=\"og:locale\" content=\"es_ES\" \/>\n<meta property=\"og:type\" content=\"article\" \/>\n<meta property=\"og:title\" content=\"Contrato de educaci\u00f3n vial para adolescentes - DrivingQuest\" \/>\n<meta property=\"og:description\" content=\"[vc_section el_id=\u00bbpage_header\u00bb css=\u00bb.vc_custom_1661936630111{background-image: url(https:\/\/drivingquest.com\/wp-content\/uploads\/2022\/08\/courses_header.png?id=324) !important;background-position: center !important;background-repeat: no-repeat !important;background-size: cover !important;}\u00bb][vc_row][vc_column][vc_empty_space height=\u00bb80px\u00bb el_class=\u00bbshow-for-large\u00bb][vc_empty_space height=\u00bb45px\u00bb el_class=\u00bbhide-for-large\u00bb][vc_row_inner el_class=\u00bbrow no-padding-vc\u00bb][vc_column_inner][vc_column_text el_class=\u00bbtext-center\u00bb] Contrato de matr\u00edcula para adolescentes [\/vc_column_text][\/vc_column_inner][\/vc_row_inner][vc_empty_space height=\u00bb80px\u00bb el_class=\u00bbshow-for-large\u00bb][vc_empty_space height=\u00bb45px\u00bb el_class=\u00bbhide-for-large\u00bb][\/vc_column][\/vc_row][\/vc_section][vc_section el_id=\u00bbprivacy-policy-section_1&#8243; el_class=\u00bbbackground-for-accordion-courses\u00bb][vc_row][vc_column][vc_row_inner el_class=\u00bbrow no-padding-vc\u00bb][vc_column_inner][vc_empty_space height=\u00bb90px\u00bb el_class=\u00bbshow-for-large\u00bb][vc_empty_space height=\u00bb45px\u00bb el_class=\u00bbhide-for-large\u00bb][vc_column_text] Contrato de inscripci\u00f3n de estudiantes de DrivingQuest para adolescentes de 14 a 17 a\u00f1os La ley de Texas requiere... Read more &raquo;\" \/>\n<meta property=\"og:url\" content=\"https:\/\/drivingquest.com\/es\/contrato-de-educacion-vial-para-adolescentes\/\" \/>\n<meta property=\"og:site_name\" content=\"DrivingQuest\" \/>\n<meta property=\"article:publisher\" content=\"https:\/\/www.facebook.com\/drivingquest\/\" \/>\n<meta property=\"article:modified_time\" content=\"2024-04-15T18:03:20+00:00\" \/>\n<meta name=\"twitter:card\" content=\"summary_large_image\" \/>\n<meta name=\"twitter:site\" content=\"@DrivingQuest_\" \/>\n<meta name=\"twitter:label1\" content=\"Tiempo de lectura\" \/>\n\t<meta name=\"twitter:data1\" content=\"9 minutos\" \/>\n<script type=\"application\/ld+json\" class=\"yoast-schema-graph\">{\"@context\":\"https:\/\/schema.org\",\"@graph\":[{\"@type\":\"WebPage\",\"@id\":\"https:\/\/drivingquest.com\/es\/contrato-de-educacion-vial-para-adolescentes\/\",\"url\":\"https:\/\/drivingquest.com\/es\/contrato-de-educacion-vial-para-adolescentes\/\",\"name\":\"Contrato de educaci\u00f3n vial para adolescentes - DrivingQuest\",\"isPartOf\":{\"@id\":\"https:\/\/drivingquest.com\/#website\"},\"datePublished\":\"2022-10-17T18:33:19+00:00\",\"dateModified\":\"2024-04-15T18:03:20+00:00\",\"breadcrumb\":{\"@id\":\"https:\/\/drivingquest.com\/es\/contrato-de-educacion-vial-para-adolescentes\/#breadcrumb\"},\"inLanguage\":\"es\",\"potentialAction\":[{\"@type\":\"ReadAction\",\"target\":[\"https:\/\/drivingquest.com\/es\/contrato-de-educacion-vial-para-adolescentes\/\"]}]},{\"@type\":\"BreadcrumbList\",\"@id\":\"https:\/\/drivingquest.com\/es\/contrato-de-educacion-vial-para-adolescentes\/#breadcrumb\",\"itemListElement\":[{\"@type\":\"ListItem\",\"position\":1,\"name\":\"Home\",\"item\":\"https:\/\/drivingquest.com\/es\/\"},{\"@type\":\"ListItem\",\"position\":2,\"name\":\"Contrato de educaci\u00f3n vial para adolescentes\"}]},{\"@type\":\"WebSite\",\"@id\":\"https:\/\/drivingquest.com\/#website\",\"url\":\"https:\/\/drivingquest.com\/\",\"name\":\"DrivingQuest\",\"description\":\"\",\"publisher\":{\"@id\":\"https:\/\/drivingquest.com\/#organization\"},\"potentialAction\":[{\"@type\":\"SearchAction\",\"target\":{\"@type\":\"EntryPoint\",\"urlTemplate\":\"https:\/\/drivingquest.com\/?s={search_term_string}\"},\"query-input\":{\"@type\":\"PropertyValueSpecification\",\"valueRequired\":true,\"valueName\":\"search_term_string\"}}],\"inLanguage\":\"es\"},{\"@type\":\"Organization\",\"@id\":\"https:\/\/drivingquest.com\/#organization\",\"name\":\"DrivingQuest\",\"url\":\"https:\/\/drivingquest.com\/\",\"logo\":{\"@type\":\"ImageObject\",\"inLanguage\":\"es\",\"@id\":\"https:\/\/drivingquest.com\/#\/schema\/logo\/image\/\",\"url\":\"https:\/\/drivingquest.com\/wp-content\/uploads\/2022\/07\/Driving_logo.svg\",\"contentUrl\":\"https:\/\/drivingquest.com\/wp-content\/uploads\/2022\/07\/Driving_logo.svg\",\"width\":327,\"height\":70,\"caption\":\"DrivingQuest\"},\"image\":{\"@id\":\"https:\/\/drivingquest.com\/#\/schema\/logo\/image\/\"},\"sameAs\":[\"https:\/\/www.facebook.com\/drivingquest\/\",\"https:\/\/x.com\/DrivingQuest_\",\"https:\/\/www.youtube.com\/channel\/UCeuj6sDtMMqSQLEhNQktSuw\",\"https:\/\/www.instagram.com\/driving_quest\/\",\"https:\/\/www.linkedin.com\/company\/drivingquest\/\"]}]}<\/script>\n<!-- \/ Yoast SEO plugin. -->","yoast_head_json":{"title":"Contrato de educaci\u00f3n vial para adolescentes - DrivingQuest","robots":{"index":"index","follow":"follow","max-snippet":"max-snippet:-1","max-image-preview":"max-image-preview:large","max-video-preview":"max-video-preview:-1"},"canonical":"https:\/\/drivingquest.com\/es\/contrato-de-educacion-vial-para-adolescentes\/","og_locale":"es_ES","og_type":"article","og_title":"Contrato de educaci\u00f3n vial para adolescentes - DrivingQuest","og_description":"[vc_section el_id=\u00bbpage_header\u00bb css=\u00bb.vc_custom_1661936630111{background-image: url(https:\/\/drivingquest.com\/wp-content\/uploads\/2022\/08\/courses_header.png?id=324) !important;background-position: center !important;background-repeat: no-repeat !important;background-size: cover !important;}\u00bb][vc_row][vc_column][vc_empty_space height=\u00bb80px\u00bb el_class=\u00bbshow-for-large\u00bb][vc_empty_space height=\u00bb45px\u00bb el_class=\u00bbhide-for-large\u00bb][vc_row_inner el_class=\u00bbrow no-padding-vc\u00bb][vc_column_inner][vc_column_text el_class=\u00bbtext-center\u00bb] Contrato de matr\u00edcula para adolescentes [\/vc_column_text][\/vc_column_inner][\/vc_row_inner][vc_empty_space height=\u00bb80px\u00bb el_class=\u00bbshow-for-large\u00bb][vc_empty_space height=\u00bb45px\u00bb el_class=\u00bbhide-for-large\u00bb][\/vc_column][\/vc_row][\/vc_section][vc_section el_id=\u00bbprivacy-policy-section_1&#8243; el_class=\u00bbbackground-for-accordion-courses\u00bb][vc_row][vc_column][vc_row_inner el_class=\u00bbrow no-padding-vc\u00bb][vc_column_inner][vc_empty_space height=\u00bb90px\u00bb el_class=\u00bbshow-for-large\u00bb][vc_empty_space height=\u00bb45px\u00bb el_class=\u00bbhide-for-large\u00bb][vc_column_text] Contrato de inscripci\u00f3n de estudiantes de DrivingQuest para adolescentes de 14 a 17 a\u00f1os La ley de Texas requiere... Read more &raquo;","og_url":"https:\/\/drivingquest.com\/es\/contrato-de-educacion-vial-para-adolescentes\/","og_site_name":"DrivingQuest","article_publisher":"https:\/\/www.facebook.com\/drivingquest\/","article_modified_time":"2024-04-15T18:03:20+00:00","twitter_card":"summary_large_image","twitter_site":"@DrivingQuest_","twitter_misc":{"Tiempo de lectura":"9 minutos"},"schema":{"@context":"https:\/\/schema.org","@graph":[{"@type":"WebPage","@id":"https:\/\/drivingquest.com\/es\/contrato-de-educacion-vial-para-adolescentes\/","url":"https:\/\/drivingquest.com\/es\/contrato-de-educacion-vial-para-adolescentes\/","name":"Contrato de educaci\u00f3n vial para adolescentes - DrivingQuest","isPartOf":{"@id":"https:\/\/drivingquest.com\/#website"},"datePublished":"2022-10-17T18:33:19+00:00","dateModified":"2024-04-15T18:03:20+00:00","breadcrumb":{"@id":"https:\/\/drivingquest.com\/es\/contrato-de-educacion-vial-para-adolescentes\/#breadcrumb"},"inLanguage":"es","potentialAction":[{"@type":"ReadAction","target":["https:\/\/drivingquest.com\/es\/contrato-de-educacion-vial-para-adolescentes\/"]}]},{"@type":"BreadcrumbList","@id":"https:\/\/drivingquest.com\/es\/contrato-de-educacion-vial-para-adolescentes\/#breadcrumb","itemListElement":[{"@type":"ListItem","position":1,"name":"Home","item":"https:\/\/drivingquest.com\/es\/"},{"@type":"ListItem","position":2,"name":"Contrato de educaci\u00f3n vial para adolescentes"}]},{"@type":"WebSite","@id":"https:\/\/drivingquest.com\/#website","url":"https:\/\/drivingquest.com\/","name":"DrivingQuest","description":"","publisher":{"@id":"https:\/\/drivingquest.com\/#organization"},"potentialAction":[{"@type":"SearchAction","target":{"@type":"EntryPoint","urlTemplate":"https:\/\/drivingquest.com\/?s={search_term_string}"},"query-input":{"@type":"PropertyValueSpecification","valueRequired":true,"valueName":"search_term_string"}}],"inLanguage":"es"},{"@type":"Organization","@id":"https:\/\/drivingquest.com\/#organization","name":"DrivingQuest","url":"https:\/\/drivingquest.com\/","logo":{"@type":"ImageObject","inLanguage":"es","@id":"https:\/\/drivingquest.com\/#\/schema\/logo\/image\/","url":"https:\/\/drivingquest.com\/wp-content\/uploads\/2022\/07\/Driving_logo.svg","contentUrl":"https:\/\/drivingquest.com\/wp-content\/uploads\/2022\/07\/Driving_logo.svg","width":327,"height":70,"caption":"DrivingQuest"},"image":{"@id":"https:\/\/drivingquest.com\/#\/schema\/logo\/image\/"},"sameAs":["https:\/\/www.facebook.com\/drivingquest\/","https:\/\/x.com\/DrivingQuest_","https:\/\/www.youtube.com\/channel\/UCeuj6sDtMMqSQLEhNQktSuw","https:\/\/www.instagram.com\/driving_quest\/","https:\/\/www.linkedin.com\/company\/drivingquest\/"]}]}},"_links":{"self":[{"href":"https:\/\/drivingquest.com\/es\/wp-json\/wp\/v2\/pages\/6530","targetHints":{"allow":["GET"]}}],"collection":[{"href":"https:\/\/drivingquest.com\/es\/wp-json\/wp\/v2\/pages"}],"about":[{"href":"https:\/\/drivingquest.com\/es\/wp-json\/wp\/v2\/types\/page"}],"author":[{"embeddable":true,"href":"https:\/\/drivingquest.com\/es\/wp-json\/wp\/v2\/users\/3"}],"replies":[{"embeddable":true,"href":"https:\/\/drivingquest.com\/es\/wp-json\/wp\/v2\/comments?post=6530"}],"version-history":[{"count":1,"href":"https:\/\/drivingquest.com\/es\/wp-json\/wp\/v2\/pages\/6530\/revisions"}],"predecessor-version":[{"id":6542,"href":"https:\/\/drivingquest.com\/es\/wp-json\/wp\/v2\/pages\/6530\/revisions\/6542"}],"wp:attachment":[{"href":"https:\/\/drivingquest.com\/es\/wp-json\/wp\/v2\/media?parent=6530"}],"curies":[{"name":"wp","href":"https:\/\/api.w.org\/{rel}","templated":true}]}}