{"id":6560,"date":"2022-10-17T18:31:31","date_gmt":"2022-10-17T18:31:31","guid":{"rendered":"https:\/\/drivingquest.com\/contrato-de-educacion-vial-para-adultos-en-espanol\/"},"modified":"2024-04-15T18:03:20","modified_gmt":"2024-04-15T18:03:20","slug":"contrato-de-educacion-vial-para-adultos-en-espanol","status":"publish","type":"page","link":"https:\/\/drivingquest.com\/es\/contrato-de-educacion-vial-para-adultos-en-espanol\/","title":{"rendered":"Contrato de educaci\u00f3n vial para adultos en espa\u00f1ol"},"content":{"rendered":"<div class=\"wpb-content-wrapper\"><p>[vc_section el_id=\u00bbpage_header\u00bb css=\u00bb.vc_custom_1661936630111{background-image: url(https:\/\/drivingquest.com\/wp-content\/uploads\/2022\/08\/courses_header.png?id=324) !important;background-position: center !important;background-repeat: no-repeat !important;background-size: cover !important;}\u00bb][vc_row][vc_column][vc_empty_space height=\u00bb80px\u00bb el_class=\u00bbshow-for-large\u00bb][vc_empty_space height=\u00bb45px\u00bb el_class=\u00bbhide-for-large\u00bb][vc_row_inner el_class=\u00bbrow no-padding-vc\u00bb][vc_column_inner][vc_column_text el_class=\u00bbtext-center\u00bb]<\/p>\n<h1 class=\"page-heading alt-primary\">Contrato de Inscripci\u00f3n de Estudiantes Adultos<\/h1>\n<p>[\/vc_column_text][\/vc_column_inner][\/vc_row_inner][vc_empty_space height=\u00bb80px\u00bb el_class=\u00bbshow-for-large\u00bb][vc_empty_space height=\u00bb45px\u00bb el_class=\u00bbhide-for-large\u00bb][\/vc_column][\/vc_row][\/vc_section][vc_section el_id=\u00bbprivacy-policy-section_1&#8243; el_class=\u00bbbackground-for-accordion-courses\u00bb][vc_row][vc_column][vc_row_inner el_class=\u00bbrow no-padding-vc\u00bb][vc_column_inner][vc_empty_space height=\u00bb90px\u00bb el_class=\u00bbshow-for-large\u00bb][vc_empty_space height=\u00bb45px\u00bb el_class=\u00bbhide-for-large\u00bb][vc_column_text]<\/p>\n<h1 class=\"alt-primary bottom-buffer-2point5rem\">DrivingQuest Contrato de Inscripci\u00f3n de Estudiantes Adultos<\/h1>\n<p class=\"big bottom-buffer-2point5rem\">La ley de Texas requiere que cualquier estudiante que se inscriba en un programa de educaci\u00f3n vial acepte y registre un contrato con nuestro curso en l\u00ednea. Lea este contrato y reconozca que entiende y acepta las condiciones para tomar un curso de educaci\u00f3n vial en Texas.<\/p>\n<h2 class=\"alt-primary bottom-buffer-1point5rem\">Detalles del Curso<\/h2>\n<p>Se est\u00e1 inscribiendo en un curso de Educaci\u00f3n vial para Adultos en l\u00ednea, que consiste en seis (6) unidades en total. Cada unidad de instrucci\u00f3n equivale a 60 minutos de instrucci\u00f3n en l\u00ednea. El ESTUDIANTE puede detenerse, salir y volver a ingresar al curso en cualquier momento y reanudar el curso. El ESTUDIANTE debe completar el curso dentro de los noventa (90) d\u00edas posteriores a la inscripci\u00f3n exitosa. Si el estudiante no termina el curso dentro de los noventa (90) d\u00edas; el ESTUDIANTE debe pagar una tarifa administrativa de $25. El ESTUDIANTE tiene acceso al curso las 24 horas del d\u00eda, los 7 d\u00edas de la semana. En caso de que el ESTUDIANTE tenga dudas sobre el curso, tendr\u00e1 acceso a uno de nuestros instructores de lunes a viernes de 9 am a 5 pm. Este acceso puede verse afectado por cualquier circunstancia sobre la que DRIVINGQUEST no tenga control, como mala conexi\u00f3n a Internet, tormentas, desastres naturales, etc.<\/p>\n<h2 class=\"alt-primary bottom-buffer-1point5rem\">Requisitos De Software\/Hardware<\/h2>\n<p class=\"bottom-buffer-2point5rem\">Para tomar nuestro curso recomendamos tener JavaScript y cookies habilitados. Adobe Flash 12 o superior, video HTML5; Navegador de Internet como Safari, Internet Explorer, Google Chrome, Mozilla Firefox o cualquier otro navegador que proporcione la misma funcionalidad. DRIVINGQUEST requiere el uso de un rat\u00f3n o l\u00e1piz \u00f3ptico y recomienda el uso de auriculares o bocinas. El ESTUDIANTE completar\u00e1 el curso proporcionado por Driving Zone Driving School dba DRIVINGQUEST (Escuela TDLR #C2603). La tarifa para el curso de Educaci\u00f3n Vial para Adultos de 6 horas es de $ 48 y tal vez menos, en caso de cupones, descuentos, promociones, etc. Esta tarifa debe pagarse antes de acceder al contenido del curso y antes de emitir cualquier certificado.<\/p>\n<h2 class=\"alt-primary bottom-buffer-1point5rem\">Pago<\/h2>\n<p class=\"bottom-buffer-1point5rem\">El ESTUDIANTE puede pagar el curso con tarjeta de cr\u00e9dito, cheque electr\u00f3nico, PayPal. Una vez verificada la transacci\u00f3n, el ESTUDIANTE proceder\u00e1 con las preguntas de validaci\u00f3n personal y dar\u00e1 inicio al curso. NO SE PERMITEN CHEQUES O GIROS POSTALES EN ESTE MOMENTO.<\/p>\n<h2 class=\"alt-primary bottom-buffer-1point5rem\">Calificaci\u00f3n\/Progreso<\/h2>\n<p class=\"bottom-buffer-2point5rem\">El ESTUDIANTE acepta completar las 32 unidades que est\u00e1n alineadas con el Programa de Instrucci\u00f3n Organizada proporcionado por la Agencia de Educaci\u00f3n de Texas para recibir un certificado de finalizaci\u00f3n. El ESTUDIANTE reconoce que debe obtener un puntaje de 70% o m\u00e1s en cada unidad para poder continuar con la siguiente unidad. Si el ESTUDIANTE reprueba una unidad, debe reiniciar esa unidad desde el principio. El ESTUDIANTE reconoce que debe obtener un puntaje de 70% o m\u00e1s en el examen integral final para recibir el certificado de finalizaci\u00f3n. Si el ESTUDIANTE reprueba tres veces el examen final, deber\u00e1 volver a iniciar el curso desde el principio. El estudiante DEBER\u00c1 pagar nuevamente por reprobar el examen final m\u00e1s de TRES (3) veces.<\/p>\n<h2 class=\"alt-primary bottom-buffer-2rem\">Validaci\u00f3n<\/h2>\n<p class=\"bottom-buffer-2point5rem\">Con el fin de verificar la identidad del estudiante, DRIVINGQUEST puede: Requerir que el estudiante responda preguntas de validaci\u00f3n personal al azar a lo largo del curso. Estas preguntas y respuestas ser\u00e1n presentadas al ESTUDIANTE antes de iniciar el curso. El ESTUDIANTE y sus PADRES reconocen que el nombre dado en la inscripci\u00f3n ser\u00e1 el nombre impreso en el certificado. NO SE PERMITEN ALIAS\/APODOS. Los nombres legales de los estudiantes deben ser los impresos en la tarjeta de seguro social y\/o acta de nacimiento. Cualquier tergiversaci\u00f3n del nombre y\/o identidad del estudiante resultar\u00e1 en la descalificaci\u00f3n del curso.<\/p>\n<h2 class=\"alt-primary bottom-buffer-1point5rem\">Pol\u00edtica de cancelaci\u00f3n<\/h2>\n<p class=\"bottom-buffer-2point5rem\">Se realizar\u00e1 un reembolso completo a cualquier estudiante que cancele el contrato de inscripci\u00f3n antes de la medianoche del tercer d\u00eda, excepto s\u00e1bados, domingos y feriados legales, despu\u00e9s de que el estudiante prospecto firme el contrato de inscripci\u00f3n, a menos que el estudiante haya completado el curso y recibido el certificado de finalizaci\u00f3n durante ese per\u00edodo.<\/p>\n<h2 class=\"alt-primary bottom-buffer-1point5rem\">Pol\u00edtica de reembolso<\/h2>\n<p class=\"bottom-buffer-2point5rem\">&#8211; Los c\u00e1lculos de reembolso se basar\u00e1n en la ense\u00f1anza real recibida hasta la \u00faltima fecha de asistencia.<br \/>\n&#8211; La fecha efectiva de terminaci\u00f3n para fines de reembolso ser\u00e1 la primera de las siguientes: (a) el \u00faltimo d\u00eda de asistencia, si la escuela cesa al estudiante; (b) la fecha de recepci\u00f3n de la notificaci\u00f3n por escrito del estudiante; o (c) el d\u00e9cimo d\u00eda escolar siguiente al \u00faltimo d\u00eda de asistencia.<br \/>\n&#8211; Si la matr\u00edcula se cobra por adelantado al ingreso y, si despu\u00e9s de la expiraci\u00f3n del privilegio de cancelaci\u00f3n de 72 horas, el estudiante no ingresa a la escuela, cancela la inscripci\u00f3n o se da de baja, la escuela puede retener hasta $50 como gastos administrativos; y, del resto, deber\u00e1 reembolsar la parte de la matr\u00edcula y tarifas del sal\u00f3n de clases y las tarifas detr\u00e1s del volante por los servicios que el estudiante no recibi\u00f3 previamente.<br \/>\n&#8211; Se debe un reembolso completo de todas las matr\u00edculas y cargos y es reembolsable en cada uno de los siguientes casos: (a) cuando la escuela no acepte a un alumno; (b) si la escuela suspende el curso de ense\u00f1anza en este lugar; o (c) si la inscripci\u00f3n del estudiante se obtuvo como resultado de cualquier declaraci\u00f3n falsa en publicidad, materiales promocionales de la escuela, o declaraci\u00f3n falsa por parte del propietario o representante de la escuela.<br \/>\n&#8211; Los reembolsos se completar\u00e1n dentro de los 30 d\u00edas posteriores a la fecha de vigencia de la terminaci\u00f3n.<\/p>\n<h2 class=\"alt-primary bottom-buffer-1point5rem\">Pol\u00edtica de Cambio de Curso<\/h2>\n<p class=\"bottom-buffer-2point5rem\">Si el estudiante necesita cambiar su curso actual por lo siguiente, pero no limitado a: cambio de idioma y\/o cambio de tipo, por supuesto, el estudiante deber\u00e1 pagar una tarifa de transferencia. Las tarifas de cambio de curso se muestran e incluyen en \u00abMi informaci\u00f3n\u00bb en el tablero del estudiante.<\/p>\n<h2 class=\"alt-primary bottom-buffer-1point5rem\">Reconocimiento<\/h2>\n<p class=\"bottom-buffer-1point5rem\">El ESTUDIANTE acepta que se le ha proporcionado la matr\u00edcula y las tarifas de la escuela; pol\u00edtica de cancelaci\u00f3n y reembolso; y reglamentos escolares relacionados con reembolsos, pol\u00edtica de calificaci\u00f3n, progreso y reglas de operaci\u00f3n y conducta. El ESTUDIANTE comprende que cualquier queja no resuelta por la escuela puede ser enviada a: TDLR P O BOX 12157 AUSTIN TX 78711. Tel\u00e9fono: (800) 803-9202 o 512-463-6599. Este acuerdo constituye el contrato completo entre la escuela y el estudiante y ninguna garant\u00eda o promesa verbal que no est\u00e9 contenida en este documento obligar\u00e1 a la escuela o al estudiante. DRIVINGQUEST tiene prohibido emitir un certificado ADE-1317 si el estudiante no ha cumplido con todos los requisitos para completar el curso, y el estudiante no debe aceptar un ADE-1317 en tales circunstancias. Todo el curso de educaci\u00f3n vial debe completarse dentro de los plazos establecidos en este contrato. SI TIENE RAZONES PARA CREER QUE ESTOS REQUISITOS M\u00cdNIMOS NO SE EST\u00c1N CUMPLIENDO O TIENE UNA QUEJA, POR FAVOR COMUN\u00cdQUESE CON TDLR, Servicio al Cliente al 800-803-9202 o al 512-463-6599. www.tdlr.texas.gov<\/p>\n<p>[\/vc_column_text][vc_empty_space height=\u00bb140px\u00bb el_class=\u00bbshow-for-large\u00bb][vc_empty_space height=\u00bb45px\u00bb el_class=\u00bbhide-for-large\u00bb][\/vc_column_inner][\/vc_row_inner][vc_empty_space height=\u00bb45px\u00bb el_class=\u00bbhide-for-large\u00bb][\/vc_column][\/vc_row][\/vc_section]<\/p>\n<\/div>","protected":false},"excerpt":{"rendered":"<p>[vc_section el_id=\u00bbpage_header\u00bb css=\u00bb.vc_custom_1661936630111{background-image: url(https:\/\/drivingquest.com\/wp-content\/uploads\/2022\/08\/courses_header.png?id=324) !important;background-position: center !important;background-repeat: no-repeat !important;background-size: cover !important;}\u00bb][vc_row][vc_column][vc_empty_space height=\u00bb80px\u00bb el_class=\u00bbshow-for-large\u00bb][vc_empty_space height=\u00bb45px\u00bb el_class=\u00bbhide-for-large\u00bb][vc_row_inner el_class=\u00bbrow no-padding-vc\u00bb][vc_column_inner][vc_column_text el_class=\u00bbtext-center\u00bb] Contrato de Inscripci\u00f3n de Estudiantes Adultos [\/vc_column_text][\/vc_column_inner][\/vc_row_inner][vc_empty_space height=\u00bb80px\u00bb el_class=\u00bbshow-for-large\u00bb][vc_empty_space height=\u00bb45px\u00bb el_class=\u00bbhide-for-large\u00bb][\/vc_column][\/vc_row][\/vc_section][vc_section el_id=\u00bbprivacy-policy-section_1&#8243; el_class=\u00bbbackground-for-accordion-courses\u00bb][vc_row][vc_column][vc_row_inner el_class=\u00bbrow no-padding-vc\u00bb][vc_column_inner][vc_empty_space height=\u00bb90px\u00bb el_class=\u00bbshow-for-large\u00bb][vc_empty_space height=\u00bb45px\u00bb el_class=\u00bbhide-for-large\u00bb][vc_column_text] DrivingQuest Contrato de Inscripci\u00f3n de Estudiantes Adultos La ley de Texas requiere que cualquier estudiante que se inscriba<a class=\"excerpt-read-more\" href=\"https:\/\/drivingquest.com\/es\/contrato-de-educacion-vial-para-adultos-en-espanol\/\" title=\"ReadContrato de educaci\u00f3n vial para adultos en espa\u00f1ol\">&#8230; Read more &raquo;<\/a><\/p>\n","protected":false},"author":3,"featured_media":0,"parent":0,"menu_order":0,"comment_status":"closed","ping_status":"closed","template":"template-visual-builder.php","meta":{"inline_featured_image":false,"_monsterinsights_skip_tracking":false,"_monsterinsights_sitenote_active":false,"_monsterinsights_sitenote_note":"","_monsterinsights_sitenote_category":0,"footnotes":""},"class_list":["post-6560","page","type-page","status-publish","hentry"],"yoast_head":"<!-- This site is optimized with the Yoast SEO plugin v23.9 - https:\/\/yoast.com\/wordpress\/plugins\/seo\/ -->\n<title>Contrato de educaci\u00f3n vial para adultos en espa\u00f1ol - DrivingQuest<\/title>\n<meta name=\"robots\" content=\"index, follow, max-snippet:-1, max-image-preview:large, max-video-preview:-1\" \/>\n<link rel=\"canonical\" href=\"https:\/\/drivingquest.com\/es\/contrato-de-educacion-vial-para-adultos-en-espanol\/\" \/>\n<meta property=\"og:locale\" content=\"es_ES\" \/>\n<meta property=\"og:type\" content=\"article\" \/>\n<meta property=\"og:title\" content=\"Contrato de educaci\u00f3n vial para adultos en espa\u00f1ol - DrivingQuest\" \/>\n<meta property=\"og:description\" content=\"[vc_section el_id=\u00bbpage_header\u00bb css=\u00bb.vc_custom_1661936630111{background-image: url(https:\/\/drivingquest.com\/wp-content\/uploads\/2022\/08\/courses_header.png?id=324) !important;background-position: center !important;background-repeat: no-repeat !important;background-size: cover !important;}\u00bb][vc_row][vc_column][vc_empty_space height=\u00bb80px\u00bb el_class=\u00bbshow-for-large\u00bb][vc_empty_space height=\u00bb45px\u00bb el_class=\u00bbhide-for-large\u00bb][vc_row_inner el_class=\u00bbrow no-padding-vc\u00bb][vc_column_inner][vc_column_text el_class=\u00bbtext-center\u00bb] Contrato de Inscripci\u00f3n de Estudiantes Adultos [\/vc_column_text][\/vc_column_inner][\/vc_row_inner][vc_empty_space height=\u00bb80px\u00bb el_class=\u00bbshow-for-large\u00bb][vc_empty_space height=\u00bb45px\u00bb el_class=\u00bbhide-for-large\u00bb][\/vc_column][\/vc_row][\/vc_section][vc_section el_id=\u00bbprivacy-policy-section_1&#8243; el_class=\u00bbbackground-for-accordion-courses\u00bb][vc_row][vc_column][vc_row_inner el_class=\u00bbrow no-padding-vc\u00bb][vc_column_inner][vc_empty_space height=\u00bb90px\u00bb el_class=\u00bbshow-for-large\u00bb][vc_empty_space height=\u00bb45px\u00bb el_class=\u00bbhide-for-large\u00bb][vc_column_text] DrivingQuest Contrato de Inscripci\u00f3n de Estudiantes Adultos La ley de Texas requiere que cualquier estudiante que se inscriba... Read more &raquo;\" \/>\n<meta property=\"og:url\" content=\"https:\/\/drivingquest.com\/es\/contrato-de-educacion-vial-para-adultos-en-espanol\/\" \/>\n<meta property=\"og:site_name\" content=\"DrivingQuest\" \/>\n<meta property=\"article:publisher\" content=\"https:\/\/www.facebook.com\/drivingquest\/\" \/>\n<meta property=\"article:modified_time\" content=\"2024-04-15T18:03:20+00:00\" \/>\n<meta name=\"twitter:card\" content=\"summary_large_image\" \/>\n<meta name=\"twitter:site\" content=\"@DrivingQuest_\" \/>\n<meta name=\"twitter:label1\" content=\"Tiempo de lectura\" \/>\n\t<meta name=\"twitter:data1\" content=\"7 minutos\" \/>\n<script type=\"application\/ld+json\" class=\"yoast-schema-graph\">{\"@context\":\"https:\/\/schema.org\",\"@graph\":[{\"@type\":\"WebPage\",\"@id\":\"https:\/\/drivingquest.com\/es\/contrato-de-educacion-vial-para-adultos-en-espanol\/\",\"url\":\"https:\/\/drivingquest.com\/es\/contrato-de-educacion-vial-para-adultos-en-espanol\/\",\"name\":\"Contrato de educaci\u00f3n vial para adultos en espa\u00f1ol - DrivingQuest\",\"isPartOf\":{\"@id\":\"https:\/\/drivingquest.com\/#website\"},\"datePublished\":\"2022-10-17T18:31:31+00:00\",\"dateModified\":\"2024-04-15T18:03:20+00:00\",\"breadcrumb\":{\"@id\":\"https:\/\/drivingquest.com\/es\/contrato-de-educacion-vial-para-adultos-en-espanol\/#breadcrumb\"},\"inLanguage\":\"es\",\"potentialAction\":[{\"@type\":\"ReadAction\",\"target\":[\"https:\/\/drivingquest.com\/es\/contrato-de-educacion-vial-para-adultos-en-espanol\/\"]}]},{\"@type\":\"BreadcrumbList\",\"@id\":\"https:\/\/drivingquest.com\/es\/contrato-de-educacion-vial-para-adultos-en-espanol\/#breadcrumb\",\"itemListElement\":[{\"@type\":\"ListItem\",\"position\":1,\"name\":\"Home\",\"item\":\"https:\/\/drivingquest.com\/es\/\"},{\"@type\":\"ListItem\",\"position\":2,\"name\":\"Contrato de educaci\u00f3n vial para adultos en espa\u00f1ol\"}]},{\"@type\":\"WebSite\",\"@id\":\"https:\/\/drivingquest.com\/#website\",\"url\":\"https:\/\/drivingquest.com\/\",\"name\":\"DrivingQuest\",\"description\":\"\",\"publisher\":{\"@id\":\"https:\/\/drivingquest.com\/#organization\"},\"potentialAction\":[{\"@type\":\"SearchAction\",\"target\":{\"@type\":\"EntryPoint\",\"urlTemplate\":\"https:\/\/drivingquest.com\/?s={search_term_string}\"},\"query-input\":{\"@type\":\"PropertyValueSpecification\",\"valueRequired\":true,\"valueName\":\"search_term_string\"}}],\"inLanguage\":\"es\"},{\"@type\":\"Organization\",\"@id\":\"https:\/\/drivingquest.com\/#organization\",\"name\":\"DrivingQuest\",\"url\":\"https:\/\/drivingquest.com\/\",\"logo\":{\"@type\":\"ImageObject\",\"inLanguage\":\"es\",\"@id\":\"https:\/\/drivingquest.com\/#\/schema\/logo\/image\/\",\"url\":\"https:\/\/drivingquest.com\/wp-content\/uploads\/2022\/07\/Driving_logo.svg\",\"contentUrl\":\"https:\/\/drivingquest.com\/wp-content\/uploads\/2022\/07\/Driving_logo.svg\",\"width\":327,\"height\":70,\"caption\":\"DrivingQuest\"},\"image\":{\"@id\":\"https:\/\/drivingquest.com\/#\/schema\/logo\/image\/\"},\"sameAs\":[\"https:\/\/www.facebook.com\/drivingquest\/\",\"https:\/\/x.com\/DrivingQuest_\",\"https:\/\/www.youtube.com\/channel\/UCeuj6sDtMMqSQLEhNQktSuw\",\"https:\/\/www.instagram.com\/driving_quest\/\",\"https:\/\/www.linkedin.com\/company\/drivingquest\/\"]}]}<\/script>\n<!-- \/ Yoast SEO plugin. -->","yoast_head_json":{"title":"Contrato de educaci\u00f3n vial para adultos en espa\u00f1ol - DrivingQuest","robots":{"index":"index","follow":"follow","max-snippet":"max-snippet:-1","max-image-preview":"max-image-preview:large","max-video-preview":"max-video-preview:-1"},"canonical":"https:\/\/drivingquest.com\/es\/contrato-de-educacion-vial-para-adultos-en-espanol\/","og_locale":"es_ES","og_type":"article","og_title":"Contrato de educaci\u00f3n vial para adultos en espa\u00f1ol - DrivingQuest","og_description":"[vc_section el_id=\u00bbpage_header\u00bb css=\u00bb.vc_custom_1661936630111{background-image: url(https:\/\/drivingquest.com\/wp-content\/uploads\/2022\/08\/courses_header.png?id=324) !important;background-position: center !important;background-repeat: no-repeat !important;background-size: cover !important;}\u00bb][vc_row][vc_column][vc_empty_space height=\u00bb80px\u00bb el_class=\u00bbshow-for-large\u00bb][vc_empty_space height=\u00bb45px\u00bb el_class=\u00bbhide-for-large\u00bb][vc_row_inner el_class=\u00bbrow no-padding-vc\u00bb][vc_column_inner][vc_column_text el_class=\u00bbtext-center\u00bb] Contrato de Inscripci\u00f3n de Estudiantes Adultos [\/vc_column_text][\/vc_column_inner][\/vc_row_inner][vc_empty_space height=\u00bb80px\u00bb el_class=\u00bbshow-for-large\u00bb][vc_empty_space height=\u00bb45px\u00bb el_class=\u00bbhide-for-large\u00bb][\/vc_column][\/vc_row][\/vc_section][vc_section el_id=\u00bbprivacy-policy-section_1&#8243; el_class=\u00bbbackground-for-accordion-courses\u00bb][vc_row][vc_column][vc_row_inner el_class=\u00bbrow no-padding-vc\u00bb][vc_column_inner][vc_empty_space height=\u00bb90px\u00bb el_class=\u00bbshow-for-large\u00bb][vc_empty_space height=\u00bb45px\u00bb el_class=\u00bbhide-for-large\u00bb][vc_column_text] DrivingQuest Contrato de Inscripci\u00f3n de Estudiantes Adultos La ley de Texas requiere que cualquier estudiante que se inscriba... Read more &raquo;","og_url":"https:\/\/drivingquest.com\/es\/contrato-de-educacion-vial-para-adultos-en-espanol\/","og_site_name":"DrivingQuest","article_publisher":"https:\/\/www.facebook.com\/drivingquest\/","article_modified_time":"2024-04-15T18:03:20+00:00","twitter_card":"summary_large_image","twitter_site":"@DrivingQuest_","twitter_misc":{"Tiempo de lectura":"7 minutos"},"schema":{"@context":"https:\/\/schema.org","@graph":[{"@type":"WebPage","@id":"https:\/\/drivingquest.com\/es\/contrato-de-educacion-vial-para-adultos-en-espanol\/","url":"https:\/\/drivingquest.com\/es\/contrato-de-educacion-vial-para-adultos-en-espanol\/","name":"Contrato de educaci\u00f3n vial para adultos en espa\u00f1ol - DrivingQuest","isPartOf":{"@id":"https:\/\/drivingquest.com\/#website"},"datePublished":"2022-10-17T18:31:31+00:00","dateModified":"2024-04-15T18:03:20+00:00","breadcrumb":{"@id":"https:\/\/drivingquest.com\/es\/contrato-de-educacion-vial-para-adultos-en-espanol\/#breadcrumb"},"inLanguage":"es","potentialAction":[{"@type":"ReadAction","target":["https:\/\/drivingquest.com\/es\/contrato-de-educacion-vial-para-adultos-en-espanol\/"]}]},{"@type":"BreadcrumbList","@id":"https:\/\/drivingquest.com\/es\/contrato-de-educacion-vial-para-adultos-en-espanol\/#breadcrumb","itemListElement":[{"@type":"ListItem","position":1,"name":"Home","item":"https:\/\/drivingquest.com\/es\/"},{"@type":"ListItem","position":2,"name":"Contrato de educaci\u00f3n vial para adultos en espa\u00f1ol"}]},{"@type":"WebSite","@id":"https:\/\/drivingquest.com\/#website","url":"https:\/\/drivingquest.com\/","name":"DrivingQuest","description":"","publisher":{"@id":"https:\/\/drivingquest.com\/#organization"},"potentialAction":[{"@type":"SearchAction","target":{"@type":"EntryPoint","urlTemplate":"https:\/\/drivingquest.com\/?s={search_term_string}"},"query-input":{"@type":"PropertyValueSpecification","valueRequired":true,"valueName":"search_term_string"}}],"inLanguage":"es"},{"@type":"Organization","@id":"https:\/\/drivingquest.com\/#organization","name":"DrivingQuest","url":"https:\/\/drivingquest.com\/","logo":{"@type":"ImageObject","inLanguage":"es","@id":"https:\/\/drivingquest.com\/#\/schema\/logo\/image\/","url":"https:\/\/drivingquest.com\/wp-content\/uploads\/2022\/07\/Driving_logo.svg","contentUrl":"https:\/\/drivingquest.com\/wp-content\/uploads\/2022\/07\/Driving_logo.svg","width":327,"height":70,"caption":"DrivingQuest"},"image":{"@id":"https:\/\/drivingquest.com\/#\/schema\/logo\/image\/"},"sameAs":["https:\/\/www.facebook.com\/drivingquest\/","https:\/\/x.com\/DrivingQuest_","https:\/\/www.youtube.com\/channel\/UCeuj6sDtMMqSQLEhNQktSuw","https:\/\/www.instagram.com\/driving_quest\/","https:\/\/www.linkedin.com\/company\/drivingquest\/"]}]}},"_links":{"self":[{"href":"https:\/\/drivingquest.com\/es\/wp-json\/wp\/v2\/pages\/6560","targetHints":{"allow":["GET"]}}],"collection":[{"href":"https:\/\/drivingquest.com\/es\/wp-json\/wp\/v2\/pages"}],"about":[{"href":"https:\/\/drivingquest.com\/es\/wp-json\/wp\/v2\/types\/page"}],"author":[{"embeddable":true,"href":"https:\/\/drivingquest.com\/es\/wp-json\/wp\/v2\/users\/3"}],"replies":[{"embeddable":true,"href":"https:\/\/drivingquest.com\/es\/wp-json\/wp\/v2\/comments?post=6560"}],"version-history":[{"count":1,"href":"https:\/\/drivingquest.com\/es\/wp-json\/wp\/v2\/pages\/6560\/revisions"}],"predecessor-version":[{"id":6575,"href":"https:\/\/drivingquest.com\/es\/wp-json\/wp\/v2\/pages\/6560\/revisions\/6575"}],"wp:attachment":[{"href":"https:\/\/drivingquest.com\/es\/wp-json\/wp\/v2\/media?parent=6560"}],"curies":[{"name":"wp","href":"https:\/\/api.w.org\/{rel}","templated":true}]}}