{"id":6567,"date":"2023-07-27T20:16:43","date_gmt":"2023-07-27T20:16:43","guid":{"rendered":"https:\/\/drivingquest.com\/quienes-somos\/"},"modified":"2024-04-15T18:03:47","modified_gmt":"2024-04-15T18:03:47","slug":"quienes-somos","status":"publish","type":"page","link":"https:\/\/drivingquest.com\/es\/quienes-somos\/","title":{"rendered":"Qui\u00e9nes somos"},"content":{"rendered":"<div class=\"wpb-content-wrapper\"><p>[vc_section el_id=\u00bbadult-course_section-1&#8243; css=\u00bb.vc_custom_1659552641088{background-image: url(https:\/\/drivingquest.com\/wp-content\/uploads\/2022\/08\/section-1_bg.png?id=229) !important;background-position: center !important;background-repeat: no-repeat !important;background-size: cover !important;}\u00bb][vc_row][vc_column][vc_empty_space height=\u00bb30px\u00bb el_class=\u00bbshow-for-large\u00bb][vc_column_text el_class=\u00bbtext-center large-text-left\u00bb]<\/p>\n<div class=\"\" style=\"text-align: center;\">\n<h1 class=\"alt-primary page-heading bottom-buffer-1rem\">Equipo ejecutivo<\/h1>\n<\/div>\n<p>[\/vc_column_text][vc_empty_space height=\u00bb30px\u00bb el_class=\u00bbshow-for-large\u00bb][vc_row_inner el_class=\u00bbrow no-padding-vc\u00bb][vc_column_inner el_class=\u00bbcolumns small-12 small-order-2 large-6 large-order-2&#8243; width=\u00bb1\/2&#8243;][vc_empty_space height=\u00bb30px\u00bb el_class=\u00bbshow-for-large\u00bb][vc_column_text el_class=\u00bbtext-center large-text-left\u00bb]<\/p>\n<div class=\"\">\n<h1 class=\"alt-primary page-heading bottom-buffer-1rem\"><\/h1>\n<\/div>\n<div><img loading=\"lazy\" decoding=\"async\" class=\"alignnone size-medium wp-image-3076\" src=\"https:\/\/drivingquest.com\/wp-content\/uploads\/2023\/07\/IMG_5210-216x300.jpg\" alt=\"\" width=\"216\" height=\"300\" srcset=\"https:\/\/drivingquest.com\/wp-content\/uploads\/2023\/07\/IMG_5210-216x300.jpg 216w, https:\/\/drivingquest.com\/wp-content\/uploads\/2023\/07\/IMG_5210-737x1024.jpg 737w, https:\/\/drivingquest.com\/wp-content\/uploads\/2023\/07\/IMG_5210-768x1067.jpg 768w, https:\/\/drivingquest.com\/wp-content\/uploads\/2023\/07\/IMG_5210-1106x1536.jpg 1106w, https:\/\/drivingquest.com\/wp-content\/uploads\/2023\/07\/IMG_5210-1474x2048.jpg 1474w, https:\/\/drivingquest.com\/wp-content\/uploads\/2023\/07\/IMG_5210-392x544.jpg 392w, https:\/\/drivingquest.com\/wp-content\/uploads\/2023\/07\/IMG_5210-349x485.jpg 349w, https:\/\/drivingquest.com\/wp-content\/uploads\/2023\/07\/IMG_5210-166x230.jpg 166w, https:\/\/drivingquest.com\/wp-content\/uploads\/2023\/07\/IMG_5210-scaled.jpg 1843w\" sizes=\"auto, (max-width: 216px) 100vw, 216px\" \/><\/div>\n<h3><\/h3>\n<h3>Tommy Santana | Director de Operaciones<\/h3>\n<div><span style=\"font-weight: 400;\">Como Director de Operaciones, Tommy supervisa todas las operaciones de DrivingQuest y DrivingForSuccess, con especial atenci\u00f3n a la racionalizaci\u00f3n de la eficiencia en toda la empresa. Trabaja en colaboraci\u00f3n con el Director General para desarrollar nuevos sistemas y estrategias que mejoren las operaciones de la empresa.<\/span><\/div>\n<p>[\/vc_column_text][vc_empty_space height=\u00bb30px\u00bb el_class=\u00bbhide-for-large\u00bb][\/vc_column_inner][vc_column_inner width=\u00bb1\/2&#8243;][vc_empty_space height=\u00bb30px\u00bb el_class=\u00bbshow-for-large\u00bb][vc_column_text el_class=\u00bbtext-center large-text-left\u00bb]<\/p>\n<div class=\"\">\n<div class=\"show-inline\"><img loading=\"lazy\" decoding=\"async\" class=\"alignnone size-medium wp-image-3055\" src=\"https:\/\/drivingquest.com\/wp-content\/uploads\/2023\/07\/IMG_5118-215x300.jpg\" alt=\"\" width=\"215\" height=\"300\" srcset=\"https:\/\/drivingquest.com\/wp-content\/uploads\/2023\/07\/IMG_5118-215x300.jpg 215w, https:\/\/drivingquest.com\/wp-content\/uploads\/2023\/07\/IMG_5118-735x1024.jpg 735w, https:\/\/drivingquest.com\/wp-content\/uploads\/2023\/07\/IMG_5118-768x1070.jpg 768w, https:\/\/drivingquest.com\/wp-content\/uploads\/2023\/07\/IMG_5118-1102x1536.jpg 1102w, https:\/\/drivingquest.com\/wp-content\/uploads\/2023\/07\/IMG_5118-1470x2048.jpg 1470w, https:\/\/drivingquest.com\/wp-content\/uploads\/2023\/07\/IMG_5118-390x544.jpg 390w, https:\/\/drivingquest.com\/wp-content\/uploads\/2023\/07\/IMG_5118-348x485.jpg 348w, https:\/\/drivingquest.com\/wp-content\/uploads\/2023\/07\/IMG_5118-165x230.jpg 165w, https:\/\/drivingquest.com\/wp-content\/uploads\/2023\/07\/IMG_5118-scaled.jpg 1837w\" sizes=\"auto, (max-width: 215px) 100vw, 215px\" \/><\/div>\n<\/div>\n<div><\/div>\n<h3><\/h3>\n<h3>Xavier Morales | Director General<\/h3>\n<div><span style=\"font-weight: 400;\">Xavier Morales es un graduado UTRGV con m\u00e1s de 14 a\u00f1os de experiencia en la industria de la educaci\u00f3n del conductor, con un enfoque espec\u00edfico en la educaci\u00f3n del conductor en l\u00ednea durante los \u00faltimos 7 a\u00f1os. Desempe\u00f1\u00f3 un papel crucial en el \u00e9xito del negocio de sus padres en McAllen, TX, dando prioridad al valor del cliente. Con una visi\u00f3n visionaria, Xavier cofund\u00f3 DrivingQuest, logrando un impresionante crecimiento de m\u00e1s de 120.000 usuarios en todo Texas. Su mayor \u00e9xito ha sido su capacidad para reunir equipos con talento y dirigirlos hacia los objetivos de la empresa.<\/span><\/div>\n<p>[\/vc_column_text][\/vc_column_inner][\/vc_row_inner][vc_empty_space height=\u00bb30px\u00bb el_class=\u00bbhide-for-large\u00bb][vc_empty_space height=\u00bb30px\u00bb el_class=\u00bbhide-for-large\u00bb][vc_row_inner][vc_column_inner el_class=\u00bbcolumns large-8 large-offset-2&#8243;][vc_column_text el_class=\u00bbtext-center\u00bb]<\/p>\n<h2 class=\"alt-primary\">Lo que dicen los clientes<\/h2>\n<p>[\/vc_column_text][vc_empty_space height=\u00bb30px\u00bb el_class=\u00bbhide-for-large\u00bb][vc_empty_space height=\u00bb40px\u00bb el_class=\u00bbshow-for-large\u00bb][vc_column_text el_class=\u00bbtext-center\u00bb]<\/p>\n<div class=\"trustpilot-box\">\n<div class=\"trustpilot-widget\" data-locale=\"en-US\" data-template-id=\"53aa8912dec7e10d38f59f36\" data-businessunit-id=\"5ad8d4bffa3c14000158ace7\" data-style-height=\"140px\" data-style-width=\"100%\" data-theme=\"light\" data-stars=\"4,5\" data-review-languages=\"en\"><a href=\"https:\/\/www.trustpilot.com\/review\/drivingquest.com\" target=\"_blank\" rel=\"noopener\">Trustpilot<\/a><\/div>\n<\/div>\n<p>[\/vc_column_text][vc_empty_space height=\u00bb20px\u00bb el_class=\u00bbshow-for-large\u00bb][vc_empty_space height=\u00bb30px\u00bb el_class=\u00bbhide-for-large\u00bb][\/vc_column_inner][\/vc_row_inner][\/vc_column][\/vc_row][\/vc_section]<\/p>\n<\/div>","protected":false},"excerpt":{"rendered":"<p>[vc_section el_id=\u00bbadult-course_section-1&#8243; css=\u00bb.vc_custom_1659552641088{background-image: url(https:\/\/drivingquest.com\/wp-content\/uploads\/2022\/08\/section-1_bg.png?id=229) !important;background-position: center !important;background-repeat: no-repeat !important;background-size: cover !important;}\u00bb][vc_row][vc_column][vc_empty_space height=\u00bb30px\u00bb el_class=\u00bbshow-for-large\u00bb][vc_column_text el_class=\u00bbtext-center large-text-left\u00bb] Equipo ejecutivo [\/vc_column_text][vc_empty_space height=\u00bb30px\u00bb el_class=\u00bbshow-for-large\u00bb][vc_row_inner el_class=\u00bbrow no-padding-vc\u00bb][vc_column_inner el_class=\u00bbcolumns small-12 small-order-2 large-6 large-order-2&#8243; width=\u00bb1\/2&#8243;][vc_empty_space height=\u00bb30px\u00bb el_class=\u00bbshow-for-large\u00bb][vc_column_text el_class=\u00bbtext-center large-text-left\u00bb] Tommy Santana | Director de Operaciones Como Director de Operaciones, Tommy supervisa todas las operaciones de DrivingQuest y DrivingForSuccess, con especial atenci\u00f3n a<a class=\"excerpt-read-more\" href=\"https:\/\/drivingquest.com\/es\/quienes-somos\/\" title=\"ReadQui\u00e9nes somos\">&#8230; Read more &raquo;<\/a><\/p>\n","protected":false},"author":2,"featured_media":0,"parent":0,"menu_order":0,"comment_status":"closed","ping_status":"closed","template":"template-visual-builder.php","meta":{"inline_featured_image":false,"_monsterinsights_skip_tracking":false,"_monsterinsights_sitenote_active":false,"_monsterinsights_sitenote_note":"","_monsterinsights_sitenote_category":0,"footnotes":""},"class_list":["post-6567","page","type-page","status-publish","hentry"],"yoast_head":"<!-- This site is optimized with the Yoast SEO plugin v23.9 - https:\/\/yoast.com\/wordpress\/plugins\/seo\/ -->\n<title>Qui\u00e9nes somos - DrivingQuest<\/title>\n<meta name=\"robots\" content=\"index, follow, max-snippet:-1, max-image-preview:large, max-video-preview:-1\" \/>\n<link rel=\"canonical\" href=\"https:\/\/drivingquest.com\/es\/quienes-somos\/\" \/>\n<meta property=\"og:locale\" content=\"es_ES\" \/>\n<meta property=\"og:type\" content=\"article\" \/>\n<meta property=\"og:title\" content=\"Qui\u00e9nes somos - DrivingQuest\" \/>\n<meta property=\"og:description\" content=\"[vc_section el_id=\u00bbadult-course_section-1&#8243; css=\u00bb.vc_custom_1659552641088{background-image: url(https:\/\/drivingquest.com\/wp-content\/uploads\/2022\/08\/section-1_bg.png?id=229) !important;background-position: center !important;background-repeat: no-repeat !important;background-size: cover !important;}\u00bb][vc_row][vc_column][vc_empty_space height=\u00bb30px\u00bb el_class=\u00bbshow-for-large\u00bb][vc_column_text el_class=\u00bbtext-center large-text-left\u00bb] Equipo ejecutivo [\/vc_column_text][vc_empty_space height=\u00bb30px\u00bb el_class=\u00bbshow-for-large\u00bb][vc_row_inner el_class=\u00bbrow no-padding-vc\u00bb][vc_column_inner el_class=\u00bbcolumns small-12 small-order-2 large-6 large-order-2&#8243; width=\u00bb1\/2&#8243;][vc_empty_space height=\u00bb30px\u00bb el_class=\u00bbshow-for-large\u00bb][vc_column_text el_class=\u00bbtext-center large-text-left\u00bb] Tommy Santana | Director de Operaciones Como Director de Operaciones, Tommy supervisa todas las operaciones de DrivingQuest y DrivingForSuccess, con especial atenci\u00f3n a... Read more &raquo;\" \/>\n<meta property=\"og:url\" content=\"https:\/\/drivingquest.com\/es\/quienes-somos\/\" \/>\n<meta property=\"og:site_name\" content=\"DrivingQuest\" \/>\n<meta property=\"article:publisher\" content=\"https:\/\/www.facebook.com\/drivingquest\/\" \/>\n<meta property=\"article:modified_time\" content=\"2024-04-15T18:03:47+00:00\" \/>\n<meta property=\"og:image\" content=\"https:\/\/drivingquest.com\/wp-content\/uploads\/2023\/07\/IMG_5210-216x300.jpg\" \/>\n<meta name=\"twitter:card\" content=\"summary_large_image\" \/>\n<meta name=\"twitter:site\" content=\"@DrivingQuest_\" \/>\n<meta name=\"twitter:label1\" content=\"Tiempo de lectura\" \/>\n\t<meta name=\"twitter:data1\" content=\"2 minutos\" \/>\n<script type=\"application\/ld+json\" class=\"yoast-schema-graph\">{\"@context\":\"https:\/\/schema.org\",\"@graph\":[{\"@type\":\"WebPage\",\"@id\":\"https:\/\/drivingquest.com\/es\/quienes-somos\/\",\"url\":\"https:\/\/drivingquest.com\/es\/quienes-somos\/\",\"name\":\"Qui\u00e9nes somos - DrivingQuest\",\"isPartOf\":{\"@id\":\"https:\/\/drivingquest.com\/#website\"},\"primaryImageOfPage\":{\"@id\":\"https:\/\/drivingquest.com\/es\/quienes-somos\/#primaryimage\"},\"image\":{\"@id\":\"https:\/\/drivingquest.com\/es\/quienes-somos\/#primaryimage\"},\"thumbnailUrl\":\"https:\/\/drivingquest.com\/wp-content\/uploads\/2023\/07\/IMG_5210-216x300.jpg\",\"datePublished\":\"2023-07-27T20:16:43+00:00\",\"dateModified\":\"2024-04-15T18:03:47+00:00\",\"breadcrumb\":{\"@id\":\"https:\/\/drivingquest.com\/es\/quienes-somos\/#breadcrumb\"},\"inLanguage\":\"es\",\"potentialAction\":[{\"@type\":\"ReadAction\",\"target\":[\"https:\/\/drivingquest.com\/es\/quienes-somos\/\"]}]},{\"@type\":\"ImageObject\",\"inLanguage\":\"es\",\"@id\":\"https:\/\/drivingquest.com\/es\/quienes-somos\/#primaryimage\",\"url\":\"https:\/\/drivingquest.com\/wp-content\/uploads\/2023\/07\/IMG_5210-216x300.jpg\",\"contentUrl\":\"https:\/\/drivingquest.com\/wp-content\/uploads\/2023\/07\/IMG_5210-216x300.jpg\"},{\"@type\":\"BreadcrumbList\",\"@id\":\"https:\/\/drivingquest.com\/es\/quienes-somos\/#breadcrumb\",\"itemListElement\":[{\"@type\":\"ListItem\",\"position\":1,\"name\":\"Home\",\"item\":\"https:\/\/drivingquest.com\/es\/\"},{\"@type\":\"ListItem\",\"position\":2,\"name\":\"Qui\u00e9nes somos\"}]},{\"@type\":\"WebSite\",\"@id\":\"https:\/\/drivingquest.com\/#website\",\"url\":\"https:\/\/drivingquest.com\/\",\"name\":\"DrivingQuest\",\"description\":\"\",\"publisher\":{\"@id\":\"https:\/\/drivingquest.com\/#organization\"},\"potentialAction\":[{\"@type\":\"SearchAction\",\"target\":{\"@type\":\"EntryPoint\",\"urlTemplate\":\"https:\/\/drivingquest.com\/?s={search_term_string}\"},\"query-input\":{\"@type\":\"PropertyValueSpecification\",\"valueRequired\":true,\"valueName\":\"search_term_string\"}}],\"inLanguage\":\"es\"},{\"@type\":\"Organization\",\"@id\":\"https:\/\/drivingquest.com\/#organization\",\"name\":\"DrivingQuest\",\"url\":\"https:\/\/drivingquest.com\/\",\"logo\":{\"@type\":\"ImageObject\",\"inLanguage\":\"es\",\"@id\":\"https:\/\/drivingquest.com\/#\/schema\/logo\/image\/\",\"url\":\"https:\/\/drivingquest.com\/wp-content\/uploads\/2022\/07\/Driving_logo.svg\",\"contentUrl\":\"https:\/\/drivingquest.com\/wp-content\/uploads\/2022\/07\/Driving_logo.svg\",\"width\":327,\"height\":70,\"caption\":\"DrivingQuest\"},\"image\":{\"@id\":\"https:\/\/drivingquest.com\/#\/schema\/logo\/image\/\"},\"sameAs\":[\"https:\/\/www.facebook.com\/drivingquest\/\",\"https:\/\/x.com\/DrivingQuest_\",\"https:\/\/www.youtube.com\/channel\/UCeuj6sDtMMqSQLEhNQktSuw\",\"https:\/\/www.instagram.com\/driving_quest\/\",\"https:\/\/www.linkedin.com\/company\/drivingquest\/\"]}]}<\/script>\n<!-- \/ Yoast SEO plugin. -->","yoast_head_json":{"title":"Qui\u00e9nes somos - DrivingQuest","robots":{"index":"index","follow":"follow","max-snippet":"max-snippet:-1","max-image-preview":"max-image-preview:large","max-video-preview":"max-video-preview:-1"},"canonical":"https:\/\/drivingquest.com\/es\/quienes-somos\/","og_locale":"es_ES","og_type":"article","og_title":"Qui\u00e9nes somos - DrivingQuest","og_description":"[vc_section el_id=\u00bbadult-course_section-1&#8243; css=\u00bb.vc_custom_1659552641088{background-image: url(https:\/\/drivingquest.com\/wp-content\/uploads\/2022\/08\/section-1_bg.png?id=229) !important;background-position: center !important;background-repeat: no-repeat !important;background-size: cover !important;}\u00bb][vc_row][vc_column][vc_empty_space height=\u00bb30px\u00bb el_class=\u00bbshow-for-large\u00bb][vc_column_text el_class=\u00bbtext-center large-text-left\u00bb] Equipo ejecutivo [\/vc_column_text][vc_empty_space height=\u00bb30px\u00bb el_class=\u00bbshow-for-large\u00bb][vc_row_inner el_class=\u00bbrow no-padding-vc\u00bb][vc_column_inner el_class=\u00bbcolumns small-12 small-order-2 large-6 large-order-2&#8243; width=\u00bb1\/2&#8243;][vc_empty_space height=\u00bb30px\u00bb el_class=\u00bbshow-for-large\u00bb][vc_column_text el_class=\u00bbtext-center large-text-left\u00bb] Tommy Santana | Director de Operaciones Como Director de Operaciones, Tommy supervisa todas las operaciones de DrivingQuest y DrivingForSuccess, con especial atenci\u00f3n a... Read more &raquo;","og_url":"https:\/\/drivingquest.com\/es\/quienes-somos\/","og_site_name":"DrivingQuest","article_publisher":"https:\/\/www.facebook.com\/drivingquest\/","article_modified_time":"2024-04-15T18:03:47+00:00","og_image":[{"url":"https:\/\/drivingquest.com\/wp-content\/uploads\/2023\/07\/IMG_5210-216x300.jpg"}],"twitter_card":"summary_large_image","twitter_site":"@DrivingQuest_","twitter_misc":{"Tiempo de lectura":"2 minutos"},"schema":{"@context":"https:\/\/schema.org","@graph":[{"@type":"WebPage","@id":"https:\/\/drivingquest.com\/es\/quienes-somos\/","url":"https:\/\/drivingquest.com\/es\/quienes-somos\/","name":"Qui\u00e9nes somos - DrivingQuest","isPartOf":{"@id":"https:\/\/drivingquest.com\/#website"},"primaryImageOfPage":{"@id":"https:\/\/drivingquest.com\/es\/quienes-somos\/#primaryimage"},"image":{"@id":"https:\/\/drivingquest.com\/es\/quienes-somos\/#primaryimage"},"thumbnailUrl":"https:\/\/drivingquest.com\/wp-content\/uploads\/2023\/07\/IMG_5210-216x300.jpg","datePublished":"2023-07-27T20:16:43+00:00","dateModified":"2024-04-15T18:03:47+00:00","breadcrumb":{"@id":"https:\/\/drivingquest.com\/es\/quienes-somos\/#breadcrumb"},"inLanguage":"es","potentialAction":[{"@type":"ReadAction","target":["https:\/\/drivingquest.com\/es\/quienes-somos\/"]}]},{"@type":"ImageObject","inLanguage":"es","@id":"https:\/\/drivingquest.com\/es\/quienes-somos\/#primaryimage","url":"https:\/\/drivingquest.com\/wp-content\/uploads\/2023\/07\/IMG_5210-216x300.jpg","contentUrl":"https:\/\/drivingquest.com\/wp-content\/uploads\/2023\/07\/IMG_5210-216x300.jpg"},{"@type":"BreadcrumbList","@id":"https:\/\/drivingquest.com\/es\/quienes-somos\/#breadcrumb","itemListElement":[{"@type":"ListItem","position":1,"name":"Home","item":"https:\/\/drivingquest.com\/es\/"},{"@type":"ListItem","position":2,"name":"Qui\u00e9nes somos"}]},{"@type":"WebSite","@id":"https:\/\/drivingquest.com\/#website","url":"https:\/\/drivingquest.com\/","name":"DrivingQuest","description":"","publisher":{"@id":"https:\/\/drivingquest.com\/#organization"},"potentialAction":[{"@type":"SearchAction","target":{"@type":"EntryPoint","urlTemplate":"https:\/\/drivingquest.com\/?s={search_term_string}"},"query-input":{"@type":"PropertyValueSpecification","valueRequired":true,"valueName":"search_term_string"}}],"inLanguage":"es"},{"@type":"Organization","@id":"https:\/\/drivingquest.com\/#organization","name":"DrivingQuest","url":"https:\/\/drivingquest.com\/","logo":{"@type":"ImageObject","inLanguage":"es","@id":"https:\/\/drivingquest.com\/#\/schema\/logo\/image\/","url":"https:\/\/drivingquest.com\/wp-content\/uploads\/2022\/07\/Driving_logo.svg","contentUrl":"https:\/\/drivingquest.com\/wp-content\/uploads\/2022\/07\/Driving_logo.svg","width":327,"height":70,"caption":"DrivingQuest"},"image":{"@id":"https:\/\/drivingquest.com\/#\/schema\/logo\/image\/"},"sameAs":["https:\/\/www.facebook.com\/drivingquest\/","https:\/\/x.com\/DrivingQuest_","https:\/\/www.youtube.com\/channel\/UCeuj6sDtMMqSQLEhNQktSuw","https:\/\/www.instagram.com\/driving_quest\/","https:\/\/www.linkedin.com\/company\/drivingquest\/"]}]}},"_links":{"self":[{"href":"https:\/\/drivingquest.com\/es\/wp-json\/wp\/v2\/pages\/6567","targetHints":{"allow":["GET"]}}],"collection":[{"href":"https:\/\/drivingquest.com\/es\/wp-json\/wp\/v2\/pages"}],"about":[{"href":"https:\/\/drivingquest.com\/es\/wp-json\/wp\/v2\/types\/page"}],"author":[{"embeddable":true,"href":"https:\/\/drivingquest.com\/es\/wp-json\/wp\/v2\/users\/2"}],"replies":[{"embeddable":true,"href":"https:\/\/drivingquest.com\/es\/wp-json\/wp\/v2\/comments?post=6567"}],"version-history":[{"count":1,"href":"https:\/\/drivingquest.com\/es\/wp-json\/wp\/v2\/pages\/6567\/revisions"}],"predecessor-version":[{"id":6587,"href":"https:\/\/drivingquest.com\/es\/wp-json\/wp\/v2\/pages\/6567\/revisions\/6587"}],"wp:attachment":[{"href":"https:\/\/drivingquest.com\/es\/wp-json\/wp\/v2\/media?parent=6567"}],"curies":[{"name":"wp","href":"https:\/\/api.w.org\/{rel}","templated":true}]}}